{"id":3264,"date":"2020-05-06T11:11:09","date_gmt":"2020-05-06T09:11:09","guid":{"rendered":"https:\/\/www.francemachinesoutils.com\/?page_id=3264"},"modified":"2020-07-09T13:49:49","modified_gmt":"2020-07-09T11:49:49","slug":"about-us","status":"publish","type":"page","link":"https:\/\/www.francemachinesoutils.com\/en\/about-us.html","title":{"rendered":"FMO Group"},"content":{"rendered":"<p>&nbsp;<\/p>\n<div id=\"sconnect-is-installed\" style=\"display: none;\"><\/div>\n<div id=\"sconnect-is-installed\" style=\"display: none;\"><\/div>\n<div id=\"sconnect-is-installed\" style=\"display: none;\"><\/div>\n<div id=\"sconnect-is-installed\" style=\"display: none;\"><\/div>\n<div id=\"sconnect-is-installed\" style=\"display: none;\"><\/div>\n<div id=\"sconnect-is-installed\" style=\"display: none;\"><\/div>\n<div id=\"sconnect-is-installed\" style=\"display: none;\"><\/div>\n","protected":false},"excerpt":{"rendered":"<p>&nbsp;<\/p>\n","protected":false},"author":9,"featured_media":0,"parent":0,"menu_order":0,"comment_status":"closed","ping_status":"closed","template":"templates\/about.php","meta":{"_acf_changed":false,"footnotes":""},"class_list":["post-3264","page","type-page","status-publish","hentry"],"acf":[],"yoast_head":"<!-- This site is optimized with the Yoast SEO plugin v27.1.1 - https:\/\/yoast.com\/product\/yoast-seo-wordpress\/ -->\n<title>FMO Group - France Machines Outils<\/title>\n<meta name=\"description\" content=\"Notre Groupe a plus de 65 ans d&#039;existence, d\u00e9veloppement de Nord machines Outils puis de Paris Machines Outils dans les ann\u00e9es 80 (Secmo et Azouvi Amato), puis Lyon Machines Outils. Nos \u00e9quipes sont \u00e0 votre disposition pour vous accompagner dans vos projets\" \/>\n<meta name=\"robots\" content=\"index, follow, max-snippet:-1, max-image-preview:large, max-video-preview:-1\" \/>\n<link rel=\"canonical\" href=\"https:\/\/www.francemachinesoutils.com\/en\/about-us.html\" \/>\n<meta property=\"og:locale\" content=\"en_GB\" \/>\n<meta property=\"og:type\" content=\"article\" \/>\n<meta property=\"og:title\" content=\"FMO Group - France Machines Outils\" \/>\n<meta property=\"og:description\" content=\"Notre Groupe a plus de 65 ans d&#039;existence, d\u00e9veloppement de Nord machines Outils puis de Paris Machines Outils dans les ann\u00e9es 80 (Secmo et Azouvi Amato), puis Lyon Machines Outils. Nos \u00e9quipes sont \u00e0 votre disposition pour vous accompagner dans vos projets\" \/>\n<meta property=\"og:url\" content=\"https:\/\/www.francemachinesoutils.com\/en\/about-us.html\" \/>\n<meta property=\"og:site_name\" content=\"France Machines Outils\" \/>\n<meta property=\"article:publisher\" content=\"https:\/\/www.facebook.com\/France-Machines-Outils-916485235075111\" \/>\n<meta property=\"article:modified_time\" content=\"2020-07-09T11:49:49+00:00\" \/>\n<meta name=\"twitter:card\" content=\"summary_large_image\" \/>\n<script type=\"application\/ld+json\" class=\"yoast-schema-graph\">{\"@context\":\"https:\/\/schema.org\",\"@graph\":[{\"@type\":\"WebPage\",\"@id\":\"https:\/\/www.francemachinesoutils.com\/en\/about-us.html\",\"url\":\"https:\/\/www.francemachinesoutils.com\/en\/about-us.html\",\"name\":\"FMO Group - France Machines Outils\",\"isPartOf\":{\"@id\":\"https:\/\/www.francemachinesoutils.com\/en#website\"},\"datePublished\":\"2020-05-06T09:11:09+00:00\",\"dateModified\":\"2020-07-09T11:49:49+00:00\",\"description\":\"Notre Groupe a plus de 65 ans d'existence, d\u00e9veloppement de Nord machines Outils puis de Paris Machines Outils dans les ann\u00e9es 80 (Secmo et Azouvi Amato), puis Lyon Machines Outils. Nos \u00e9quipes sont \u00e0 votre disposition pour vous accompagner dans vos projets\",\"breadcrumb\":{\"@id\":\"https:\/\/www.francemachinesoutils.com\/en\/about-us.html#breadcrumb\"},\"inLanguage\":\"en-GB\",\"potentialAction\":[{\"@type\":\"ReadAction\",\"target\":[\"https:\/\/www.francemachinesoutils.com\/en\/about-us.html\"]}]},{\"@type\":\"BreadcrumbList\",\"@id\":\"https:\/\/www.francemachinesoutils.com\/en\/about-us.html#breadcrumb\",\"itemListElement\":[{\"@type\":\"ListItem\",\"position\":1,\"name\":\"Home\",\"item\":\"https:\/\/www.francemachinesoutils.com\/en\/\"},{\"@type\":\"ListItem\",\"position\":2,\"name\":\"FMO Group\"}]},{\"@type\":\"WebSite\",\"@id\":\"https:\/\/www.francemachinesoutils.com\/en#website\",\"url\":\"https:\/\/www.francemachinesoutils.com\/en\",\"name\":\"France Machines Outils\",\"description\":\"France Machines Outils est fournisseur de machines outils neuves et d&#039;occasion pr\u00e9sent sur l&#039;ensemble du territoire.\",\"publisher\":{\"@id\":\"https:\/\/www.francemachinesoutils.com\/en#organization\"},\"potentialAction\":[{\"@type\":\"SearchAction\",\"target\":{\"@type\":\"EntryPoint\",\"urlTemplate\":\"https:\/\/www.francemachinesoutils.com\/en?s={search_term_string}\"},\"query-input\":{\"@type\":\"PropertyValueSpecification\",\"valueRequired\":true,\"valueName\":\"search_term_string\"}}],\"inLanguage\":\"en-GB\"},{\"@type\":\"Organization\",\"@id\":\"https:\/\/www.francemachinesoutils.com\/en#organization\",\"name\":\"France Machines Outils\",\"url\":\"https:\/\/www.francemachinesoutils.com\/en\",\"logo\":{\"@type\":\"ImageObject\",\"inLanguage\":\"en-GB\",\"@id\":\"https:\/\/www.francemachinesoutils.com\/en#\/schema\/logo\/image\/\",\"url\":\"https:\/\/www.francemachinesoutils.com\/wp-content\/uploads\/2022\/05\/Icone_Logo_Bordure-01-01.jpg\",\"contentUrl\":\"https:\/\/www.francemachinesoutils.com\/wp-content\/uploads\/2022\/05\/Icone_Logo_Bordure-01-01.jpg\",\"width\":1512,\"height\":1512,\"caption\":\"France Machines Outils\"},\"image\":{\"@id\":\"https:\/\/www.francemachinesoutils.com\/en#\/schema\/logo\/image\/\"},\"sameAs\":[\"https:\/\/www.facebook.com\/France-Machines-Outils-916485235075111\",\"https:\/\/www.linkedin.com\/company\/grp-france-machines-outils\/?viewAsMember=true\",\"https:\/\/www.youtube.com\/channel\/UCxbixPSB4J1a7GVI2nT3Y_g\"]}]}<\/script>\n<!-- \/ Yoast SEO plugin. -->","yoast_head_json":{"title":"FMO Group - France Machines Outils","description":"Notre Groupe a plus de 65 ans d'existence, d\u00e9veloppement de Nord machines Outils puis de Paris Machines Outils dans les ann\u00e9es 80 (Secmo et Azouvi Amato), puis Lyon Machines Outils. Nos \u00e9quipes sont \u00e0 votre disposition pour vous accompagner dans vos projets","robots":{"index":"index","follow":"follow","max-snippet":"max-snippet:-1","max-image-preview":"max-image-preview:large","max-video-preview":"max-video-preview:-1"},"canonical":"https:\/\/www.francemachinesoutils.com\/en\/about-us.html","og_locale":"en_GB","og_type":"article","og_title":"FMO Group - France Machines Outils","og_description":"Notre Groupe a plus de 65 ans d'existence, d\u00e9veloppement de Nord machines Outils puis de Paris Machines Outils dans les ann\u00e9es 80 (Secmo et Azouvi Amato), puis Lyon Machines Outils. Nos \u00e9quipes sont \u00e0 votre disposition pour vous accompagner dans vos projets","og_url":"https:\/\/www.francemachinesoutils.com\/en\/about-us.html","og_site_name":"France Machines Outils","article_publisher":"https:\/\/www.facebook.com\/France-Machines-Outils-916485235075111","article_modified_time":"2020-07-09T11:49:49+00:00","twitter_card":"summary_large_image","schema":{"@context":"https:\/\/schema.org","@graph":[{"@type":"WebPage","@id":"https:\/\/www.francemachinesoutils.com\/en\/about-us.html","url":"https:\/\/www.francemachinesoutils.com\/en\/about-us.html","name":"FMO Group - France Machines Outils","isPartOf":{"@id":"https:\/\/www.francemachinesoutils.com\/en#website"},"datePublished":"2020-05-06T09:11:09+00:00","dateModified":"2020-07-09T11:49:49+00:00","description":"Notre Groupe a plus de 65 ans d'existence, d\u00e9veloppement de Nord machines Outils puis de Paris Machines Outils dans les ann\u00e9es 80 (Secmo et Azouvi Amato), puis Lyon Machines Outils. Nos \u00e9quipes sont \u00e0 votre disposition pour vous accompagner dans vos projets","breadcrumb":{"@id":"https:\/\/www.francemachinesoutils.com\/en\/about-us.html#breadcrumb"},"inLanguage":"en-GB","potentialAction":[{"@type":"ReadAction","target":["https:\/\/www.francemachinesoutils.com\/en\/about-us.html"]}]},{"@type":"BreadcrumbList","@id":"https:\/\/www.francemachinesoutils.com\/en\/about-us.html#breadcrumb","itemListElement":[{"@type":"ListItem","position":1,"name":"Home","item":"https:\/\/www.francemachinesoutils.com\/en\/"},{"@type":"ListItem","position":2,"name":"FMO Group"}]},{"@type":"WebSite","@id":"https:\/\/www.francemachinesoutils.com\/en#website","url":"https:\/\/www.francemachinesoutils.com\/en","name":"France Machines Outils","description":"France Machines Outils est fournisseur de machines outils neuves et d&#039;occasion pr\u00e9sent sur l&#039;ensemble du territoire.","publisher":{"@id":"https:\/\/www.francemachinesoutils.com\/en#organization"},"potentialAction":[{"@type":"SearchAction","target":{"@type":"EntryPoint","urlTemplate":"https:\/\/www.francemachinesoutils.com\/en?s={search_term_string}"},"query-input":{"@type":"PropertyValueSpecification","valueRequired":true,"valueName":"search_term_string"}}],"inLanguage":"en-GB"},{"@type":"Organization","@id":"https:\/\/www.francemachinesoutils.com\/en#organization","name":"France Machines Outils","url":"https:\/\/www.francemachinesoutils.com\/en","logo":{"@type":"ImageObject","inLanguage":"en-GB","@id":"https:\/\/www.francemachinesoutils.com\/en#\/schema\/logo\/image\/","url":"https:\/\/www.francemachinesoutils.com\/wp-content\/uploads\/2022\/05\/Icone_Logo_Bordure-01-01.jpg","contentUrl":"https:\/\/www.francemachinesoutils.com\/wp-content\/uploads\/2022\/05\/Icone_Logo_Bordure-01-01.jpg","width":1512,"height":1512,"caption":"France Machines Outils"},"image":{"@id":"https:\/\/www.francemachinesoutils.com\/en#\/schema\/logo\/image\/"},"sameAs":["https:\/\/www.facebook.com\/France-Machines-Outils-916485235075111","https:\/\/www.linkedin.com\/company\/grp-france-machines-outils\/?viewAsMember=true","https:\/\/www.youtube.com\/channel\/UCxbixPSB4J1a7GVI2nT3Y_g"]}]}},"_links":{"self":[{"href":"https:\/\/www.francemachinesoutils.com\/en\/wp-json\/wp\/v2\/pages\/3264","targetHints":{"allow":["GET"]}}],"collection":[{"href":"https:\/\/www.francemachinesoutils.com\/en\/wp-json\/wp\/v2\/pages"}],"about":[{"href":"https:\/\/www.francemachinesoutils.com\/en\/wp-json\/wp\/v2\/types\/page"}],"author":[{"embeddable":true,"href":"https:\/\/www.francemachinesoutils.com\/en\/wp-json\/wp\/v2\/users\/9"}],"replies":[{"embeddable":true,"href":"https:\/\/www.francemachinesoutils.com\/en\/wp-json\/wp\/v2\/comments?post=3264"}],"version-history":[{"count":4,"href":"https:\/\/www.francemachinesoutils.com\/en\/wp-json\/wp\/v2\/pages\/3264\/revisions"}],"predecessor-version":[{"id":3651,"href":"https:\/\/www.francemachinesoutils.com\/en\/wp-json\/wp\/v2\/pages\/3264\/revisions\/3651"}],"wp:attachment":[{"href":"https:\/\/www.francemachinesoutils.com\/en\/wp-json\/wp\/v2\/media?parent=3264"}],"curies":[{"name":"wp","href":"https:\/\/api.w.org\/{rel}","templated":true}]}}