{"id":226,"date":"2020-05-06T11:02:07","date_gmt":"2020-05-06T09:02:07","guid":{"rendered":"https:\/\/www.francemachinesoutils.com\/?page_id=226"},"modified":"2026-05-06T17:14:20","modified_gmt":"2026-05-06T15:14:20","slug":"nos-showrooms","status":"publish","type":"page","link":"https:\/\/www.francemachinesoutils.com\/fr\/nos-showrooms.html","title":{"rendered":"Nos showrooms"},"content":{"rendered":"<div class=\"flex flex-col text-sm pb-25\">\n<article class=\"text-token-text-primary w-full focus:outline-none [--shadow-height:45px] has-data-writing-block:pointer-events-none has-data-writing-block:-mt-(--shadow-height) has-data-writing-block:pt-(--shadow-height) [&amp;:has([data-writing-block])&gt;*]:pointer-events-auto scroll-mt-[calc(var(--header-height)+min(200px,max(70px,20svh)))]\" dir=\"auto\" tabindex=\"-1\" data-turn-id=\"request-69845e6c-4be0-8395-80de-9b3e719364fe-4\" data-testid=\"conversation-turn-14\" data-scroll-anchor=\"true\" data-turn=\"assistant\">\n<div class=\"text-base my-auto mx-auto pb-10 [--thread-content-margin:--spacing(4)] @w-sm\/main:[--thread-content-margin:--spacing(6)] @w-lg\/main:[--thread-content-margin:--spacing(16)] px-(--thread-content-margin)\">\n<div class=\"[--thread-content-max-width:40rem] @w-lg\/main:[--thread-content-max-width:48rem] mx-auto max-w-(--thread-content-max-width) flex-1 group\/turn-messages focus-visible:outline-hidden relative flex w-full min-w-0 flex-col agent-turn\" tabindex=\"-1\">\n<div class=\"flex max-w-full flex-col grow\">\n<div class=\"min-h-8 text-message relative flex w-full flex-col items-end gap-2 text-start break-words whitespace-normal [.text-message+&amp;]:mt-1\" dir=\"auto\" data-message-author-role=\"assistant\" data-message-id=\"d836266c-2b66-4673-88d1-fe14a8de55c3\" data-message-model-slug=\"gpt-5-2\">\n<div class=\"flex w-full flex-col gap-1 empty:hidden first:pt-[1px]\">\n<div class=\"markdown prose dark:prose-invert w-full wrap-break-word light markdown-new-styling\">\n<p data-start=\"56\" data-end=\"307\"><strong data-start=\"110\" data-end=\"202\">France Machines Outils dispose d\u2019un stock permanent d\u2019environ 600 machines-outils neuves<\/strong>, r\u00e9guli\u00e8rement renouvel\u00e9 afin de garantir des <strong data-start=\"249\" data-end=\"279\">d\u00e9lais de livraison courts<\/strong> et des \u00e9quipements r\u00e9cents. Retrouvez ainsi\u00a0les machines les mieux adapt\u00e9es \u00e0 vos besoins.<\/p>\n<p data-start=\"309\" data-end=\"775\">Nos <strong data-start=\"313\" data-end=\"351\">showrooms de Paris, Nantes et Lyon<\/strong> vous accueillent toute l\u2019ann\u00e9e ainsi que lors de <strong data-start=\"401\" data-end=\"424\">Journ\u00e9es Techniques<\/strong>, pour d\u00e9couvrir en fonctionnement notre large gamme de machines-outils d\u00e9di\u00e9s \u00e0 la t\u00f4lerie et la m\u00e9canique : <strong data-start=\"524\" data-end=\"620\"><a href=\"https:\/\/www.francemachinesoutils.com\/fr\/laser-fibre-durma.html\" target=\"_blank\" rel=\"noopener\">lasers fibre<\/a>, <a href=\"https:\/\/www.francemachinesoutils.com\/fr\/blog\/actualites\/presses-plieuses-decouvrez-notre-gamme-complete.html\" target=\"_blank\" rel=\"noopener\">presses plieuses<\/a>, <a href=\"https:\/\/www.francemachinesoutils.com\/fr\/landing-cisaille-2.html\" target=\"_blank\" rel=\"noopener\">cisailles<\/a>, tours, centres d\u2019usinage et \u00e9quipements d\u2019atelier<\/strong>.<\/p>\n<p data-start=\"309\" data-end=\"775\">Des d\u00e9monstrations et des essais personnalis\u00e9s sont r\u00e9alis\u00e9s par nos techniciens afin de vous aider \u00e0 comparer les solutions et pr\u00e9parer vos investissements.<\/p>\n<p data-start=\"777\" data-end=\"1179\">Lors de votre visite, <strong data-start=\"799\" data-end=\"841\">nos \u00e9quipes techniques et commerciales<\/strong> analysent vos besoins, r\u00e9alisent des \u00e9tudes de production et vous conseillent. D\u00e9couvrez des \u00e9quipements les plus adapt\u00e9s pour <strong data-start=\"958\" data-end=\"1036\">optimiser la productivit\u00e9 de votre atelier, am\u00e9liorer la pr\u00e9cision de vos op\u00e9rations et augmenter votre capacit\u00e9 de production.<\/strong><\/p>\n<p data-start=\"777\" data-end=\"1179\">Gr\u00e2ce \u00e0 notre stock disponible imm\u00e9diatement, vous b\u00e9n\u00e9ficiez de <strong data-start=\"1109\" data-end=\"1178\">solutions rapides et op\u00e9rationnelles pour vos projets industriels<\/strong>.<\/p>\n<\/div>\n<\/div>\n<\/div>\n<\/div>\n<div class=\"z-0 flex min-h-[46px] justify-start\"><\/div>\n<div class=\"mt-3 w-full empty:hidden\">\n<div class=\"text-center\"><\/div>\n<\/div>\n<\/div>\n<\/div>\n<\/article>\n<\/div>\n<div id=\"sconnect-is-installed\" style=\"display: none;\"><\/div>\n","protected":false},"excerpt":{"rendered":"<p>France Machines Outils dispose d\u2019un stock permanent d\u2019environ 600 machines-outils&#8230;<\/p>\n","protected":false},"author":9,"featured_media":3306,"parent":0,"menu_order":0,"comment_status":"closed","ping_status":"closed","template":"","meta":{"_acf_changed":false,"footnotes":""},"class_list":["post-226","page","type-page","status-publish","has-post-thumbnail","hentry"],"acf":[],"yoast_head":"<!-- This site is optimized with the Yoast SEO plugin v27.1.1 - https:\/\/yoast.com\/product\/yoast-seo-wordpress\/ -->\n<title>600 Machines-outils en stock - France Machines Outils<\/title>\n<meta name=\"description\" content=\"Laser \u00e0 fibre, presse plieuse, cisaille ... notre catalogue dispose de nombreuses machines-outils dans nos showrooms \u00e0 votre disposition.\" \/>\n<meta name=\"robots\" content=\"index, follow, max-snippet:-1, max-image-preview:large, max-video-preview:-1\" \/>\n<link rel=\"canonical\" href=\"https:\/\/www.francemachinesoutils.com\/fr\/nos-showrooms.html\" \/>\n<meta property=\"og:locale\" content=\"fr_FR\" \/>\n<meta property=\"og:type\" content=\"article\" \/>\n<meta property=\"og:title\" content=\"600 Machines-outils en stock - France Machines Outils\" \/>\n<meta property=\"og:description\" content=\"Laser \u00e0 fibre, presse plieuse, cisaille ... notre catalogue dispose de nombreuses machines-outils dans nos showrooms \u00e0 votre disposition.\" \/>\n<meta property=\"og:url\" content=\"https:\/\/www.francemachinesoutils.com\/fr\/nos-showrooms.html\" \/>\n<meta property=\"og:site_name\" content=\"France Machines Outils\" \/>\n<meta property=\"article:publisher\" content=\"https:\/\/www.facebook.com\/France-Machines-Outils-916485235075111\" \/>\n<meta property=\"article:modified_time\" content=\"2026-05-06T15:14:20+00:00\" \/>\n<meta property=\"og:image\" content=\"https:\/\/cdn.www.francemachinesoutils.com\/wp-content\/uploads\/2020\/07\/1820-1024.jpg\" \/>\n\t<meta property=\"og:image:width\" content=\"1820\" \/>\n\t<meta property=\"og:image:height\" content=\"1024\" \/>\n\t<meta property=\"og:image:type\" content=\"image\/jpeg\" \/>\n<meta name=\"twitter:card\" content=\"summary_large_image\" \/>\n<meta name=\"twitter:label1\" content=\"Dur\u00e9e de lecture estim\u00e9e\" \/>\n\t<meta name=\"twitter:data1\" content=\"2 minutes\" \/>\n<script type=\"application\/ld+json\" class=\"yoast-schema-graph\">{\"@context\":\"https:\/\/schema.org\",\"@graph\":[{\"@type\":\"WebPage\",\"@id\":\"https:\/\/www.francemachinesoutils.com\/fr\/nos-showrooms.html\",\"url\":\"https:\/\/www.francemachinesoutils.com\/fr\/nos-showrooms.html\",\"name\":\"600 Machines-outils en stock - France Machines Outils\",\"isPartOf\":{\"@id\":\"https:\/\/www.francemachinesoutils.com\/fr\/#website\"},\"primaryImageOfPage\":{\"@id\":\"https:\/\/www.francemachinesoutils.com\/fr\/nos-showrooms.html#primaryimage\"},\"image\":{\"@id\":\"https:\/\/www.francemachinesoutils.com\/fr\/nos-showrooms.html#primaryimage\"},\"thumbnailUrl\":\"https:\/\/www.francemachinesoutils.com\/wp-content\/uploads\/2020\/07\/1820-1024.jpg\",\"datePublished\":\"2020-05-06T09:02:07+00:00\",\"dateModified\":\"2026-05-06T15:14:20+00:00\",\"description\":\"Laser \u00e0 fibre, presse plieuse, cisaille ... notre catalogue dispose de nombreuses machines-outils dans nos showrooms \u00e0 votre disposition.\",\"breadcrumb\":{\"@id\":\"https:\/\/www.francemachinesoutils.com\/fr\/nos-showrooms.html#breadcrumb\"},\"inLanguage\":\"fr-FR\",\"potentialAction\":[{\"@type\":\"ReadAction\",\"target\":[\"https:\/\/www.francemachinesoutils.com\/fr\/nos-showrooms.html\"]}]},{\"@type\":\"ImageObject\",\"inLanguage\":\"fr-FR\",\"@id\":\"https:\/\/www.francemachinesoutils.com\/fr\/nos-showrooms.html#primaryimage\",\"url\":\"https:\/\/www.francemachinesoutils.com\/wp-content\/uploads\/2020\/07\/1820-1024.jpg\",\"contentUrl\":\"https:\/\/www.francemachinesoutils.com\/wp-content\/uploads\/2020\/07\/1820-1024.jpg\",\"width\":1820,\"height\":1024,\"caption\":\"Showroom de Lyon\"},{\"@type\":\"BreadcrumbList\",\"@id\":\"https:\/\/www.francemachinesoutils.com\/fr\/nos-showrooms.html#breadcrumb\",\"itemListElement\":[{\"@type\":\"ListItem\",\"position\":1,\"name\":\"Accueil\",\"item\":\"https:\/\/www.francemachinesoutils.com\/fr\/\"},{\"@type\":\"ListItem\",\"position\":2,\"name\":\"Nos showrooms\"}]},{\"@type\":\"WebSite\",\"@id\":\"https:\/\/www.francemachinesoutils.com\/fr\/#website\",\"url\":\"https:\/\/www.francemachinesoutils.com\/fr\/\",\"name\":\"France Machines Outils\",\"description\":\"France Machines Outils est fournisseur de machines outils neuves et d&#039;occasion pr\u00e9sent sur l&#039;ensemble du territoire.\",\"publisher\":{\"@id\":\"https:\/\/www.francemachinesoutils.com\/fr\/#organization\"},\"potentialAction\":[{\"@type\":\"SearchAction\",\"target\":{\"@type\":\"EntryPoint\",\"urlTemplate\":\"https:\/\/www.francemachinesoutils.com\/fr\/?s={search_term_string}\"},\"query-input\":{\"@type\":\"PropertyValueSpecification\",\"valueRequired\":true,\"valueName\":\"search_term_string\"}}],\"inLanguage\":\"fr-FR\"},{\"@type\":\"Organization\",\"@id\":\"https:\/\/www.francemachinesoutils.com\/fr\/#organization\",\"name\":\"France Machines Outils\",\"url\":\"https:\/\/www.francemachinesoutils.com\/fr\/\",\"logo\":{\"@type\":\"ImageObject\",\"inLanguage\":\"fr-FR\",\"@id\":\"https:\/\/www.francemachinesoutils.com\/fr\/#\/schema\/logo\/image\/\",\"url\":\"https:\/\/www.francemachinesoutils.com\/wp-content\/uploads\/2022\/05\/Icone_Logo_Bordure-01-01.jpg\",\"contentUrl\":\"https:\/\/www.francemachinesoutils.com\/wp-content\/uploads\/2022\/05\/Icone_Logo_Bordure-01-01.jpg\",\"width\":1512,\"height\":1512,\"caption\":\"France Machines Outils\"},\"image\":{\"@id\":\"https:\/\/www.francemachinesoutils.com\/fr\/#\/schema\/logo\/image\/\"},\"sameAs\":[\"https:\/\/www.facebook.com\/France-Machines-Outils-916485235075111\",\"https:\/\/www.linkedin.com\/company\/grp-france-machines-outils\/?viewAsMember=true\",\"https:\/\/www.youtube.com\/channel\/UCxbixPSB4J1a7GVI2nT3Y_g\"]}]}<\/script>\n<!-- \/ Yoast SEO plugin. -->","yoast_head_json":{"title":"600 Machines-outils en stock - France Machines Outils","description":"Laser \u00e0 fibre, presse plieuse, cisaille ... notre catalogue dispose de nombreuses machines-outils dans nos showrooms \u00e0 votre disposition.","robots":{"index":"index","follow":"follow","max-snippet":"max-snippet:-1","max-image-preview":"max-image-preview:large","max-video-preview":"max-video-preview:-1"},"canonical":"https:\/\/www.francemachinesoutils.com\/fr\/nos-showrooms.html","og_locale":"fr_FR","og_type":"article","og_title":"600 Machines-outils en stock - France Machines Outils","og_description":"Laser \u00e0 fibre, presse plieuse, cisaille ... notre catalogue dispose de nombreuses machines-outils dans nos showrooms \u00e0 votre disposition.","og_url":"https:\/\/www.francemachinesoutils.com\/fr\/nos-showrooms.html","og_site_name":"France Machines Outils","article_publisher":"https:\/\/www.facebook.com\/France-Machines-Outils-916485235075111","article_modified_time":"2026-05-06T15:14:20+00:00","og_image":[{"width":1820,"height":1024,"url":"https:\/\/cdn.www.francemachinesoutils.com\/wp-content\/uploads\/2020\/07\/1820-1024.jpg","type":"image\/jpeg"}],"twitter_card":"summary_large_image","twitter_misc":{"Dur\u00e9e de lecture estim\u00e9e":"2 minutes"},"schema":{"@context":"https:\/\/schema.org","@graph":[{"@type":"WebPage","@id":"https:\/\/www.francemachinesoutils.com\/fr\/nos-showrooms.html","url":"https:\/\/www.francemachinesoutils.com\/fr\/nos-showrooms.html","name":"600 Machines-outils en stock - France Machines Outils","isPartOf":{"@id":"https:\/\/www.francemachinesoutils.com\/fr\/#website"},"primaryImageOfPage":{"@id":"https:\/\/www.francemachinesoutils.com\/fr\/nos-showrooms.html#primaryimage"},"image":{"@id":"https:\/\/www.francemachinesoutils.com\/fr\/nos-showrooms.html#primaryimage"},"thumbnailUrl":"https:\/\/www.francemachinesoutils.com\/wp-content\/uploads\/2020\/07\/1820-1024.jpg","datePublished":"2020-05-06T09:02:07+00:00","dateModified":"2026-05-06T15:14:20+00:00","description":"Laser \u00e0 fibre, presse plieuse, cisaille ... notre catalogue dispose de nombreuses machines-outils dans nos showrooms \u00e0 votre disposition.","breadcrumb":{"@id":"https:\/\/www.francemachinesoutils.com\/fr\/nos-showrooms.html#breadcrumb"},"inLanguage":"fr-FR","potentialAction":[{"@type":"ReadAction","target":["https:\/\/www.francemachinesoutils.com\/fr\/nos-showrooms.html"]}]},{"@type":"ImageObject","inLanguage":"fr-FR","@id":"https:\/\/www.francemachinesoutils.com\/fr\/nos-showrooms.html#primaryimage","url":"https:\/\/www.francemachinesoutils.com\/wp-content\/uploads\/2020\/07\/1820-1024.jpg","contentUrl":"https:\/\/www.francemachinesoutils.com\/wp-content\/uploads\/2020\/07\/1820-1024.jpg","width":1820,"height":1024,"caption":"Showroom de Lyon"},{"@type":"BreadcrumbList","@id":"https:\/\/www.francemachinesoutils.com\/fr\/nos-showrooms.html#breadcrumb","itemListElement":[{"@type":"ListItem","position":1,"name":"Accueil","item":"https:\/\/www.francemachinesoutils.com\/fr\/"},{"@type":"ListItem","position":2,"name":"Nos showrooms"}]},{"@type":"WebSite","@id":"https:\/\/www.francemachinesoutils.com\/fr\/#website","url":"https:\/\/www.francemachinesoutils.com\/fr\/","name":"France Machines Outils","description":"France Machines Outils est fournisseur de machines outils neuves et d&#039;occasion pr\u00e9sent sur l&#039;ensemble du territoire.","publisher":{"@id":"https:\/\/www.francemachinesoutils.com\/fr\/#organization"},"potentialAction":[{"@type":"SearchAction","target":{"@type":"EntryPoint","urlTemplate":"https:\/\/www.francemachinesoutils.com\/fr\/?s={search_term_string}"},"query-input":{"@type":"PropertyValueSpecification","valueRequired":true,"valueName":"search_term_string"}}],"inLanguage":"fr-FR"},{"@type":"Organization","@id":"https:\/\/www.francemachinesoutils.com\/fr\/#organization","name":"France Machines Outils","url":"https:\/\/www.francemachinesoutils.com\/fr\/","logo":{"@type":"ImageObject","inLanguage":"fr-FR","@id":"https:\/\/www.francemachinesoutils.com\/fr\/#\/schema\/logo\/image\/","url":"https:\/\/www.francemachinesoutils.com\/wp-content\/uploads\/2022\/05\/Icone_Logo_Bordure-01-01.jpg","contentUrl":"https:\/\/www.francemachinesoutils.com\/wp-content\/uploads\/2022\/05\/Icone_Logo_Bordure-01-01.jpg","width":1512,"height":1512,"caption":"France Machines Outils"},"image":{"@id":"https:\/\/www.francemachinesoutils.com\/fr\/#\/schema\/logo\/image\/"},"sameAs":["https:\/\/www.facebook.com\/France-Machines-Outils-916485235075111","https:\/\/www.linkedin.com\/company\/grp-france-machines-outils\/?viewAsMember=true","https:\/\/www.youtube.com\/channel\/UCxbixPSB4J1a7GVI2nT3Y_g"]}]}},"_links":{"self":[{"href":"https:\/\/www.francemachinesoutils.com\/fr\/wp-json\/wp\/v2\/pages\/226","targetHints":{"allow":["GET"]}}],"collection":[{"href":"https:\/\/www.francemachinesoutils.com\/fr\/wp-json\/wp\/v2\/pages"}],"about":[{"href":"https:\/\/www.francemachinesoutils.com\/fr\/wp-json\/wp\/v2\/types\/page"}],"author":[{"embeddable":true,"href":"https:\/\/www.francemachinesoutils.com\/fr\/wp-json\/wp\/v2\/users\/9"}],"replies":[{"embeddable":true,"href":"https:\/\/www.francemachinesoutils.com\/fr\/wp-json\/wp\/v2\/comments?post=226"}],"version-history":[{"count":4,"href":"https:\/\/www.francemachinesoutils.com\/fr\/wp-json\/wp\/v2\/pages\/226\/revisions"}],"predecessor-version":[{"id":10794,"href":"https:\/\/www.francemachinesoutils.com\/fr\/wp-json\/wp\/v2\/pages\/226\/revisions\/10794"}],"wp:featuredmedia":[{"embeddable":true,"href":"https:\/\/www.francemachinesoutils.com\/fr\/wp-json\/wp\/v2\/media\/3306"}],"wp:attachment":[{"href":"https:\/\/www.francemachinesoutils.com\/fr\/wp-json\/wp\/v2\/media?parent=226"}],"curies":[{"name":"wp","href":"https:\/\/api.w.org\/{rel}","templated":true}]}}