{"id":228,"date":"2020-05-06T11:04:50","date_gmt":"2020-05-06T09:04:50","guid":{"rendered":"https:\/\/www.francemachinesoutils.com\/?page_id=228"},"modified":"2023-10-02T13:47:32","modified_gmt":"2023-10-02T11:47:32","slug":"mentions-legales","status":"publish","type":"page","link":"https:\/\/www.francemachinesoutils.com\/fr\/mentions-legales.html","title":{"rendered":"Mentions l\u00e9gales"},"content":{"rendered":"<h2>Propri\u00e9t\u00e9 du site &#8211; Editeur du service<\/h2>\n<p>Vous \u00eates actuellement connect\u00e9 au site web francemachinesoutils.com, propri\u00e9t\u00e9 de la soci\u00e9t\u00e9 France Machines Outils.<\/p>\n<p class=\"m-adresse\">France Machines Outils<br \/>\nSAS France Machines Outils au Capital de 300.000 euros<br \/>\nPA Versant Nord-Est<br \/>\n7 rue de la Plaine<br \/>\nCS 80014 &#8211; 59115 LEERS<br \/>\nT\u00e9l. +33 3 20 75 60 97<\/p>\n<h2>Directeur de la publication<\/h2>\n<p>Loi du 29 juillet 1982 sur l\u2019audiovisuel, loi 2000-79 du 1er aout 2000.<br \/>\nMadame Virginie BECK , en qualit\u00e9 de Pr\u00e9sidente.<\/p>\n<h2>H\u00e9bergeur<\/h2>\n<p>Loi du 1er aout 2000 articles 43-8 \u00e0 43-10.<br \/>\nAmazon Web Services.<\/p>\n<h2>D\u00e9claration de base de donn\u00e9es<\/h2>\n<p>Conform\u00e9ment \u00e0 la loi fran\u00e7aise nous avons proc\u00e9d\u00e9 \u00e0 une d\u00e9claration de notre site aupr\u00e8s de la Commission Nationale Informatique et libert\u00e9s (CNIL). R\u00e9f\u00e9rence d\u00e9claration CNIL n\u00b01825104.<br \/>\nLes informations d\u00e9pos\u00e9es sur ce site sont uniquement destin\u00e9es \u00e0 France Machines Outils. Vous disposez d\u2019un droit d\u2019acc\u00e8s, de modification, de rectification et de suppression des donn\u00e9es qui vous concernent conform\u00e9ment \u00e0 l\u2019article 34 de la loi \u201cInformatique et Libert\u00e9s\u201d.<\/p>\n<p>Pour l\u2019exercer, adressez vous \u00e0 :<\/p>\n<p class=\"m-adresse\">France Machines Outils<br \/>\nVie priv\u00e9e<br \/>\nPA Versant Nord-Est<br \/>\n7 rue de la Plaine<br \/>\nCS 80014 &#8211; 59115 LEERS<\/p>\n<div id=\"sconnect-is-installed\" style=\"display: none;\"><\/div>\n","protected":false},"excerpt":{"rendered":"<p>Propri\u00e9t\u00e9 du site &#8211; Editeur du service Vous \u00eates actuellement&#8230;<\/p>\n","protected":false},"author":9,"featured_media":0,"parent":0,"menu_order":0,"comment_status":"closed","ping_status":"closed","template":"","meta":{"_acf_changed":false,"footnotes":""},"class_list":["post-228","page","type-page","status-publish","hentry"],"acf":[],"yoast_head":"<!-- This site is optimized with the Yoast SEO plugin v27.1.1 - https:\/\/yoast.com\/product\/yoast-seo-wordpress\/ -->\n<title>Mentions l\u00e9gales - France Machines Outils<\/title>\n<meta name=\"description\" content=\"Mentions l\u00e9gales du site FMO. D\u00e9couvrez les informations sur France Machines Outils. Retrouvez toutes les infos n\u00e9cessaires.\" \/>\n<meta name=\"robots\" content=\"index, follow, max-snippet:-1, max-image-preview:large, max-video-preview:-1\" \/>\n<link rel=\"canonical\" href=\"https:\/\/www.francemachinesoutils.com\/fr\/mentions-legales.html\" \/>\n<meta property=\"og:locale\" content=\"fr_FR\" \/>\n<meta property=\"og:type\" content=\"article\" \/>\n<meta property=\"og:title\" content=\"Mentions l\u00e9gales - France Machines Outils\" \/>\n<meta property=\"og:description\" content=\"Mentions l\u00e9gales du site FMO. D\u00e9couvrez les informations sur France Machines Outils. Retrouvez toutes les infos n\u00e9cessaires.\" \/>\n<meta property=\"og:url\" content=\"https:\/\/www.francemachinesoutils.com\/fr\/mentions-legales.html\" \/>\n<meta property=\"og:site_name\" content=\"France Machines Outils\" \/>\n<meta property=\"article:publisher\" content=\"https:\/\/www.facebook.com\/France-Machines-Outils-916485235075111\" \/>\n<meta property=\"article:modified_time\" content=\"2023-10-02T11:47:32+00:00\" \/>\n<meta name=\"twitter:card\" content=\"summary_large_image\" \/>\n<meta name=\"twitter:label1\" content=\"Dur\u00e9e de lecture estim\u00e9e\" \/>\n\t<meta name=\"twitter:data1\" content=\"1 minute\" \/>\n<script type=\"application\/ld+json\" class=\"yoast-schema-graph\">{\"@context\":\"https:\/\/schema.org\",\"@graph\":[{\"@type\":\"WebPage\",\"@id\":\"https:\/\/www.francemachinesoutils.com\/fr\/mentions-legales.html\",\"url\":\"https:\/\/www.francemachinesoutils.com\/fr\/mentions-legales.html\",\"name\":\"Mentions l\u00e9gales - France Machines Outils\",\"isPartOf\":{\"@id\":\"https:\/\/www.francemachinesoutils.com\/fr\/#website\"},\"datePublished\":\"2020-05-06T09:04:50+00:00\",\"dateModified\":\"2023-10-02T11:47:32+00:00\",\"description\":\"Mentions l\u00e9gales du site FMO. D\u00e9couvrez les informations sur France Machines Outils. Retrouvez toutes les infos n\u00e9cessaires.\",\"breadcrumb\":{\"@id\":\"https:\/\/www.francemachinesoutils.com\/fr\/mentions-legales.html#breadcrumb\"},\"inLanguage\":\"fr-FR\",\"potentialAction\":[{\"@type\":\"ReadAction\",\"target\":[\"https:\/\/www.francemachinesoutils.com\/fr\/mentions-legales.html\"]}]},{\"@type\":\"BreadcrumbList\",\"@id\":\"https:\/\/www.francemachinesoutils.com\/fr\/mentions-legales.html#breadcrumb\",\"itemListElement\":[{\"@type\":\"ListItem\",\"position\":1,\"name\":\"Accueil\",\"item\":\"https:\/\/www.francemachinesoutils.com\/fr\/\"},{\"@type\":\"ListItem\",\"position\":2,\"name\":\"Mentions l\u00e9gales\"}]},{\"@type\":\"WebSite\",\"@id\":\"https:\/\/www.francemachinesoutils.com\/fr\/#website\",\"url\":\"https:\/\/www.francemachinesoutils.com\/fr\/\",\"name\":\"France Machines Outils\",\"description\":\"France Machines Outils est fournisseur de machines outils neuves et d&#039;occasion pr\u00e9sent sur l&#039;ensemble du territoire.\",\"publisher\":{\"@id\":\"https:\/\/www.francemachinesoutils.com\/fr\/#organization\"},\"potentialAction\":[{\"@type\":\"SearchAction\",\"target\":{\"@type\":\"EntryPoint\",\"urlTemplate\":\"https:\/\/www.francemachinesoutils.com\/fr\/?s={search_term_string}\"},\"query-input\":{\"@type\":\"PropertyValueSpecification\",\"valueRequired\":true,\"valueName\":\"search_term_string\"}}],\"inLanguage\":\"fr-FR\"},{\"@type\":\"Organization\",\"@id\":\"https:\/\/www.francemachinesoutils.com\/fr\/#organization\",\"name\":\"France Machines Outils\",\"url\":\"https:\/\/www.francemachinesoutils.com\/fr\/\",\"logo\":{\"@type\":\"ImageObject\",\"inLanguage\":\"fr-FR\",\"@id\":\"https:\/\/www.francemachinesoutils.com\/fr\/#\/schema\/logo\/image\/\",\"url\":\"https:\/\/www.francemachinesoutils.com\/wp-content\/uploads\/2022\/05\/Icone_Logo_Bordure-01-01.jpg\",\"contentUrl\":\"https:\/\/www.francemachinesoutils.com\/wp-content\/uploads\/2022\/05\/Icone_Logo_Bordure-01-01.jpg\",\"width\":1512,\"height\":1512,\"caption\":\"France Machines Outils\"},\"image\":{\"@id\":\"https:\/\/www.francemachinesoutils.com\/fr\/#\/schema\/logo\/image\/\"},\"sameAs\":[\"https:\/\/www.facebook.com\/France-Machines-Outils-916485235075111\",\"https:\/\/www.linkedin.com\/company\/grp-france-machines-outils\/?viewAsMember=true\",\"https:\/\/www.youtube.com\/channel\/UCxbixPSB4J1a7GVI2nT3Y_g\"]}]}<\/script>\n<!-- \/ Yoast SEO plugin. -->","yoast_head_json":{"title":"Mentions l\u00e9gales - France Machines Outils","description":"Mentions l\u00e9gales du site FMO. D\u00e9couvrez les informations sur France Machines Outils. Retrouvez toutes les infos n\u00e9cessaires.","robots":{"index":"index","follow":"follow","max-snippet":"max-snippet:-1","max-image-preview":"max-image-preview:large","max-video-preview":"max-video-preview:-1"},"canonical":"https:\/\/www.francemachinesoutils.com\/fr\/mentions-legales.html","og_locale":"fr_FR","og_type":"article","og_title":"Mentions l\u00e9gales - France Machines Outils","og_description":"Mentions l\u00e9gales du site FMO. D\u00e9couvrez les informations sur France Machines Outils. Retrouvez toutes les infos n\u00e9cessaires.","og_url":"https:\/\/www.francemachinesoutils.com\/fr\/mentions-legales.html","og_site_name":"France Machines Outils","article_publisher":"https:\/\/www.facebook.com\/France-Machines-Outils-916485235075111","article_modified_time":"2023-10-02T11:47:32+00:00","twitter_card":"summary_large_image","twitter_misc":{"Dur\u00e9e de lecture estim\u00e9e":"1 minute"},"schema":{"@context":"https:\/\/schema.org","@graph":[{"@type":"WebPage","@id":"https:\/\/www.francemachinesoutils.com\/fr\/mentions-legales.html","url":"https:\/\/www.francemachinesoutils.com\/fr\/mentions-legales.html","name":"Mentions l\u00e9gales - France Machines Outils","isPartOf":{"@id":"https:\/\/www.francemachinesoutils.com\/fr\/#website"},"datePublished":"2020-05-06T09:04:50+00:00","dateModified":"2023-10-02T11:47:32+00:00","description":"Mentions l\u00e9gales du site FMO. D\u00e9couvrez les informations sur France Machines Outils. Retrouvez toutes les infos n\u00e9cessaires.","breadcrumb":{"@id":"https:\/\/www.francemachinesoutils.com\/fr\/mentions-legales.html#breadcrumb"},"inLanguage":"fr-FR","potentialAction":[{"@type":"ReadAction","target":["https:\/\/www.francemachinesoutils.com\/fr\/mentions-legales.html"]}]},{"@type":"BreadcrumbList","@id":"https:\/\/www.francemachinesoutils.com\/fr\/mentions-legales.html#breadcrumb","itemListElement":[{"@type":"ListItem","position":1,"name":"Accueil","item":"https:\/\/www.francemachinesoutils.com\/fr\/"},{"@type":"ListItem","position":2,"name":"Mentions l\u00e9gales"}]},{"@type":"WebSite","@id":"https:\/\/www.francemachinesoutils.com\/fr\/#website","url":"https:\/\/www.francemachinesoutils.com\/fr\/","name":"France Machines Outils","description":"France Machines Outils est fournisseur de machines outils neuves et d&#039;occasion pr\u00e9sent sur l&#039;ensemble du territoire.","publisher":{"@id":"https:\/\/www.francemachinesoutils.com\/fr\/#organization"},"potentialAction":[{"@type":"SearchAction","target":{"@type":"EntryPoint","urlTemplate":"https:\/\/www.francemachinesoutils.com\/fr\/?s={search_term_string}"},"query-input":{"@type":"PropertyValueSpecification","valueRequired":true,"valueName":"search_term_string"}}],"inLanguage":"fr-FR"},{"@type":"Organization","@id":"https:\/\/www.francemachinesoutils.com\/fr\/#organization","name":"France Machines Outils","url":"https:\/\/www.francemachinesoutils.com\/fr\/","logo":{"@type":"ImageObject","inLanguage":"fr-FR","@id":"https:\/\/www.francemachinesoutils.com\/fr\/#\/schema\/logo\/image\/","url":"https:\/\/www.francemachinesoutils.com\/wp-content\/uploads\/2022\/05\/Icone_Logo_Bordure-01-01.jpg","contentUrl":"https:\/\/www.francemachinesoutils.com\/wp-content\/uploads\/2022\/05\/Icone_Logo_Bordure-01-01.jpg","width":1512,"height":1512,"caption":"France Machines Outils"},"image":{"@id":"https:\/\/www.francemachinesoutils.com\/fr\/#\/schema\/logo\/image\/"},"sameAs":["https:\/\/www.facebook.com\/France-Machines-Outils-916485235075111","https:\/\/www.linkedin.com\/company\/grp-france-machines-outils\/?viewAsMember=true","https:\/\/www.youtube.com\/channel\/UCxbixPSB4J1a7GVI2nT3Y_g"]}]}},"_links":{"self":[{"href":"https:\/\/www.francemachinesoutils.com\/fr\/wp-json\/wp\/v2\/pages\/228","targetHints":{"allow":["GET"]}}],"collection":[{"href":"https:\/\/www.francemachinesoutils.com\/fr\/wp-json\/wp\/v2\/pages"}],"about":[{"href":"https:\/\/www.francemachinesoutils.com\/fr\/wp-json\/wp\/v2\/types\/page"}],"author":[{"embeddable":true,"href":"https:\/\/www.francemachinesoutils.com\/fr\/wp-json\/wp\/v2\/users\/9"}],"replies":[{"embeddable":true,"href":"https:\/\/www.francemachinesoutils.com\/fr\/wp-json\/wp\/v2\/comments?post=228"}],"version-history":[{"count":2,"href":"https:\/\/www.francemachinesoutils.com\/fr\/wp-json\/wp\/v2\/pages\/228\/revisions"}],"predecessor-version":[{"id":3555,"href":"https:\/\/www.francemachinesoutils.com\/fr\/wp-json\/wp\/v2\/pages\/228\/revisions\/3555"}],"wp:attachment":[{"href":"https:\/\/www.francemachinesoutils.com\/fr\/wp-json\/wp\/v2\/media?parent=228"}],"curies":[{"name":"wp","href":"https:\/\/api.w.org\/{rel}","templated":true}]}}