{"id":3,"date":"2020-04-22T15:56:53","date_gmt":"2020-04-22T13:56:53","guid":{"rendered":"https:\/\/www.francemachinesoutils.com\/?page_id=3"},"modified":"2023-10-02T13:39:57","modified_gmt":"2023-10-02T11:39:57","slug":"cookies","status":"publish","type":"page","link":"https:\/\/www.francemachinesoutils.com\/fr\/cookies.html","title":{"rendered":"Politique de confidentialit\u00e9"},"content":{"rendered":"<main id=\"js-layout--content\" class=\"main-layout-content\" role=\"main\">\r\n<div class=\"row m-static-wrapper m-legalnotice\">\r\n<div class=\"medium-12 columns\">\r\n<h1 class=\"wp-block-heading\">Politique de cookies<\/h1>\r\n<h2>Qu\u2019est ce qu\u2019un cookie ?<\/h2>\r\n<p>Notre site web francemachinesoutils.com (\u00abSite\u00bb) utilise des cookies pour vous distinguer des autres utilisateurs du site.<\/p>\r\n<p>Un cookie est un ensemble de donn\u00e9es envoy\u00e9es par un site Web et stock\u00e9es par le navigateur Web de l&rsquo;utilisateur sur son disque dur lorsqu\u2019il navigue sur le dit site Web. Lorsque l&rsquo;utilisateur revient sur le site Web, les donn\u00e9es stock\u00e9es dans le cookie peuvent \u00eatre r\u00e9cup\u00e9r\u00e9es par le site pour lui indiquer l&rsquo;activit\u00e9 pr\u00e9c\u00e9dente de l&rsquo;utilisateur, permettant de distinguer cette personne des autres utilisateurs sur le site. Il existe notamment, les cookies, tag, pixel, code Javascript. Le \u201ccookie http\u201d qui est actuellement la technologie la plus utilis\u00e9e, est un petit fichier texte enregistr\u00e9 par le navigateur de votre ordinateur, tablette ou smartphone et qui permet de conserver des donn\u00e9es utilisateur afin de proposer une bonne exp\u00e9rience \u00e0 l\u2019utilisateur lorsque celui-ci navigue sur le site et d&rsquo;am\u00e9liorer le site.<\/p>\r\n<p>Pour plus d&rsquo;informations sur les cookies et sur la mani\u00e8re de les g\u00e9rer dans votre navigateur Web, veuillez visiter la page <a href=\"http:\/\/www.allaboutcookies.org\/fr\/\">http:\/\/www.allaboutcookies.org\/fr\/<\/a><\/p>\r\n<p>Pour plus d&rsquo;informations sur la r\u00e9glementation de l&rsquo;UE relative aux cookies, vous pouvez consulter le site de la CNIL : <a href=\"https:\/\/www.cnil.fr\/\">https:\/\/www.cnil.fr\/<\/a><\/p>\r\n<h2>Quelle est la r\u00e9glementation de l\u2019u.e. sur les cookies ?<\/h2>\r\n<p>La Directive 2012 de l&rsquo;UE sur l&rsquo;e-confidentialit\u00e9 exige que tous les sites Web offrant des services \u00e0 des utilisateurs se trouvant dans l&rsquo;Union europ\u00e9enne re\u00e7oivent un consentement de leurs visiteurs concernant l&rsquo;utilisation de cookies lorsque ceux-ci visitent le site Web.<\/p>\r\n<p>Cette directive a \u00e9t\u00e9 mise en place sur francemachinesoutils.com sous la forme d&rsquo;un message en bandeau affich\u00e9 en pop-in et et apparaissant en bas de la fen\u00eatre du navigateur de toute personne se trouvant dans un \u00e9tat de l&rsquo;Union europ\u00e9enne, peu importe le support utilis\u00e9.<\/p>\r\n<h2>A quoi servent les cookies francemachinesoutils.com ?<\/h2>\r\n<p>Notre site francemachinesoutils.com utilise des cookies pour stocker des informations sur la visite de l\u2019utilisateur, des informations auxquelles nous pouvons acc\u00e9der lors de sa visite suivante sur notre site. Ils nous permettent :<\/p>\r\n<ul>\r\n<li>d\u2019\u00e9tablir des statistiques et volumes de fr\u00e9quentation et d\u2019utilisation de notre site et nos fonctionnalit\u00e9s,<\/li>\r\n<li>d\u2019adapter l\u2019affichage de notre site selon le terminal utilis\u00e9 et les int\u00e9r\u00eats personnels des visiteurs,<\/li>\r\n<li>d\u2019acc\u00e9l\u00e9rer la vitesse des recherches et des parcours,<\/li>\r\n<li>de reconna\u00eetre l\u2019utilisateur \u00e0 son retour sur le site en m\u00e9morisant des informations dans ses formulaires (acc\u00e8s au compte, contenu d\u2019un panier de commande\u2026),<\/li>\r\n<li>d\u2019acc\u00e9der \u00e0 un espace r\u00e9serv\u00e9 et personnel de notre site gr\u00e2ce \u00e0 des identifiants,<\/li>\r\n<li>de mettre en oeuvre des mesures de s\u00e9curit\u00e9 (pour \u00e9viter le piratage de compte notamment),<\/li>\r\n<li>de partager des informations avec des annonceurs sur d\u2019autres sites internet pour proposer des annonces publicitaires pertinentes,<\/li>\r\n<li>de partager des informations sur les r\u00e9seaux sociaux (li\u00e9s au partage sur les r\u00e9seaux sociaux).<\/li>\r\n<\/ul>\r\n<p>Il s&rsquo;agit de donn\u00e9es statistiques sur les actions et les sch\u00e9mas de navigation de nos utilisateurs qui n&rsquo;identifient aucunement un individu.<\/p>\r\n<h2>Au sujet des cookies tiers<\/h2>\r\n<p>Lorsque l\u2019utilisateur acc\u00e8de \u00e0 notre site francemachinesoutils.com, un ou plusieurs cookies de soci\u00e9t\u00e9s partenaires (dits \u201ccookies tiers\u201d) sont susceptibles d\u2019\u00eatre plac\u00e9s dans son ordinateur via les pages de notre site ou via des contenus diffus\u00e9s dans nos espaces publicitaires.<\/p>\r\n<p>Ces cookies tiers ont pour finalit\u00e9 :<\/p>\r\n<ul>\r\n<li>d\u2019identifier les centres d\u2019int\u00e9r\u00eats des visiteurs au travers des produits consult\u00e9s ou achet\u00e9s sur notre site,<\/li>\r\n<li>de g\u00e9n\u00e9rer des mesures d\u2019audience<\/li>\r\n<li>de collecter des donn\u00e9es de navigation afin de personnaliser l\u2019offre publicitaire qui est adress\u00e9e aux visiteurs en dehors du site francemachinesoutils.com.<\/li>\r\n<\/ul>\r\n<p>Ils peuvent \u00eatre \u00e9mis par nos partenaires afin de personnaliser l\u2019offre publicitaire que nous pouvons adresser en dehors du site sous r\u00e9serve des choix exprim\u00e9s concernant les cookies et qui peuvent \u00eatre modifi\u00e9s \u00e0 tout moment par l\u2019utilisateur.<\/p>\r\n<h2>Les diff\u00e9rents cookies francemachinesoutils.com<\/h2>\r\n<p>Les cat\u00e9gories de cookies que nous utilisons se r\u00e9partissent ainsi :<\/p>\r\n<ul>\r\n<li>les <strong>cookies absolument n\u00e9cessaires<\/strong> pour le fonctionnement de notre site. Ils comprennent, par exemple, les cookies qui permettent \u00e0 nos utilisateurs de se connecter \u00e0 des zones s\u00e9curis\u00e9es de notre site, \u00e0 consulter leur panier d\u2019achat ou utiliser des services de facturation \u00e9lectronique. Ces cookies sont n\u00e9cessaires au fonctionnement du site Web.<\/li>\r\n<li>les <strong>cookies li\u00e9s \u00e0 la performance<\/strong> qui nous permettent de reconna\u00eetre et de compter le nombre de visiteurs et de pages vues, les chemins d\u2019acc\u00e8s et d\u2019autres d\u00e9tails \u00e0 propos des visiteurs, afin de voir comment s&rsquo;effectuent les navigations sur le site. Cela nous aide \u00e0 am\u00e9liorer la fa\u00e7on dont fonctionne notre site, par exemple, en veillant \u00e0 ce que les utilisateurs trouvent ce qu&rsquo;ils recherchent facilement. Les donn\u00e9es conserv\u00e9es par ces cookies ne comprennent jamais les d\u00e9tails des donn\u00e9es personnelles \u00e0 partir desquelles votre identit\u00e9 peut \u00eatre \u00e9tablie.<\/li>\r\n<\/ul>\r\n<p>Vous pouvez refuser le suivi de Google Analytics en installant le module disponible sur : <a href=\"https:\/\/tools.google.com\/dlpage\/gaoptout\">https:\/\/tools.google.com\/dlpage\/gaoptout<\/a><\/p>\r\n<ul>\r\n<li>les <strong>cookies de fonctionnalit\u00e9s<\/strong> qui sont utilis\u00e9s pour reconna\u00eetre un visiteur lorsqu\u2019il revient sur notre site. Ils enregistrent des informations mineures concernant son interaction avec nous. Cela nous permet de personnaliser notre contenu sur la page d\u2019accueil, de saluer par le nom d\u2019utilisateur et de nous m\u00e9moriser ses pr\u00e9f\u00e9rences (par exemple, le choix de la langue ou de la monnaie). M\u00eame s\u2019ils ne sont pas essentiels au fonctionnement m\u00eame du site, ils nous permettent de personnaliser l\u2019exp\u00e9rience utilisateur sur notre site.<\/li>\r\n<li>les <strong>cookies de ciblage et publicitaires :<\/strong> Ces cookies enregistrent les visites sur notre site, les pages qui ont \u00e9t\u00e9 visit\u00e9es et les liens qui ont \u00e9t\u00e9 suivis par l\u2019utilisateur. Nous utiliserons cette information pour rendre notre site et la publicit\u00e9 affich\u00e9e la plus pertinente possible. Nous pouvons \u00e9galement partager ces informations avec des tiers \u00e0 cet effet, comme <i>Google Adwords, Eperflex, Doubleclick, Lengow et Criteo<\/i> afin de proposer \u00e0 chaque utilisateur des publicit\u00e9s pertinentes par le biais de leurs r\u00e9seaux.<\/li>\r\n<\/ul>\r\n<p>Nous avons \u00e9galement int\u00e9gr\u00e9 sur francemachinesoutils.com des r\u00e9seaux sociaux comme Facebook, Instagram, Twitter, YouTube, Google+ et Pinterest pour permettre \u00e0 nos utilisateurs de partager avec leurs amis les produits et les pages du site Web.<\/p>\r\n<p>Les sites de r\u00e9seaux sociaux enregistrent des cookies sur le terminal lorsque une session est ouverte sur leur site. Si le visiteur ne souhaite pas que le r\u00e9seau social relie les informations collect\u00e9es par l\u2019interm\u00e9diaire de francemachinesoutils.com \u00e0 son compte utilisateur, il doit se d\u00e9connecter du r\u00e9seau social avant de visiter notre site. francemachinesoutils.com ne contr\u00f4le pas la diffusion de ces cookies; aussi l\u2019utilisateur doit se renseigner sur le site web de la tierce partie pour en savoir plus sur leurs politiques de protection de la vie priv\u00e9e et de prendre connaissance des finalit\u00e9s d&rsquo;utilisation, notamment publicitaires, des informations de navigation qu&rsquo;ils peuvent recueillir gr\u00e2ce \u00e0 ces boutons applicatifs.<\/p>\r\n<h2>Comment g\u00e9rer les cookies ?<\/h2>\r\n<p>Conform\u00e9ment \u00e0 l\u2019article 32II de la loi 78-17, le site francemachinesoutils.com recueille votre consentement pr\u00e9alable au d\u00e9p\u00f4t des cookies publicitaires, de mesure d\u2019audience et de partage vers les r\u00e9seaux sociaux.<\/p>\r\n<p>Vous pouvez faire le choix \u00e0 tout moment d&rsquo;exprimer et de modifier vos souhaits en mati\u00e8re de cookies, par les moyens d\u00e9crits ci-dessous.<\/p>\r\n<p>La banni\u00e8re de cookies et cette page vous indiquent les raisons pour lesquelles nous utilisons des cookies. En continuant \u00e0 utiliser notre site apr\u00e8s l&rsquo;affichage de la banni\u00e8re de cookies, vous acceptez que nous puissions utiliser les cookies aux fins mentionn\u00e9es ci-dessus.<\/p>\r\n<p>Vous pouvez bloquer les cookies en activant le param\u00e8tre de votre navigateur qui vous permet de refuser l&rsquo;installation de tous ou de certains cookies. Toutefois, si les param\u00e8tres de blocage des cookies sont utilis\u00e9s depuis le navigateur (y compris les cookies essentiels), tout ou partie du contenu du site pourrait ne plus vous \u00eatre enti\u00e8rement accessible.<\/p>\r\n<h2>Refuser les cookies<\/h2>\r\n<p><u>Param\u00e9trage de votre Navigateur<\/u> <br \/>Pour la gestion des cookies et de vos choix, la configuration de chaque navigateur est diff\u00e9rente. Elle est d\u00e9crite dans le menu d&rsquo;aide de votre navigateur, qui vous permettra de savoir de quelle mani\u00e8re modifier vos souhaits en mati\u00e8re de cookies.<\/p>\r\n<p>Pour Safari \u2122 :<br \/><a href=\"http:\/\/docs.info.apple.com\/article.html?path=Safari\/3.0\/fr\/9277.html\">http:\/\/docs.info.apple.com\/article.html?path=Safari\/3.0\/fr\/9277.html<\/a><\/p>\r\n<p>Pour Chrome\u2122 :<br \/><a href=\"http:\/\/support.google.com\/chrome\/bin\/answer.py?hl=fr&amp;hlrm=en&amp;answer=95647\">http:\/\/support.google.com\/chrome\/bin\/answer.py?hl=fr&amp;hlrm=en&amp;answer=95647<\/a><\/p>\r\n<p>Pour Internet Explorer\u2122 :<br \/><a href=\"http:\/\/windows.microsoft.com\/fr-FR\/windows-vista\/Block-or-allow-cookies\">http:\/\/windows.microsoft.com\/fr-FR\/windows-vista\/Block-or-allow-cookies<\/a><\/p>\r\n<p>Pour Firefox\u2122 :<br \/><a href=\"http:\/\/support.mozilla.org\/fr\/kb\/Activer%20et%20d%C3%A9sactiver%20les%20cookies\">http:\/\/support.mozilla.org\/fr\/kb\/Activer%20et%20d%C3%A9sactiver%20les%20cookies<\/a><\/p>\r\n<p>Pour Op\u00e9ra\u2122 :<br \/><a href=\"http:\/\/help.opera.com\/Windows\/10.20\/fr\/cookies.html\">http:\/\/help.opera.com\/Windows\/10.20\/fr\/cookies.html<\/a><\/p>\r\n<p><u>Param\u00e9trage du syst\u00e8me d\u2019exploitation d\u2019un smartphone<\/u> <br \/>Vous avez la possibilit\u00e9 de contr\u00f4ler le d\u00e9p\u00f4t des Cookies sur votre smartphone dans les r\u00e8gles du syst\u00e8me d\u2019exploitation.<br \/>Sur iOS : <a href=\"https:\/\/support.apple.com\/fr-fr\/HT201265\">https:\/\/support.apple.com\/fr-fr\/HT201265<\/a><br \/>Sur Android : <a href=\"https:\/\/support.google.com\/chrome\/topic\/3434352\">https:\/\/support.google.com\/chrome\/topic\/3434352<\/a><\/p>\r\n<p>Vous pouvez refuser le suivi de Doubleclick en utilisant les outils suivants : <a href=\"http:\/\/www.google.com\/settings\/ads\/onweb\/\">http:\/\/www.google.com\/settings\/ads\/onweb\/<\/a> et <a href=\"http:\/\/www.google.com\/settings\/ads\/plugin\/\">http:\/\/www.google.com\/settings\/ads\/plugin\/<\/a><\/p>\r\n<p>Vous pouvez refuser le suivi de Google Analytics en installant le module disponible sur: <a href=\"https:\/\/tools.google.com\/dlpage\/gaoptout\">https:\/\/tools.google.com\/dlpage\/gaoptout<\/a> <br \/>Vous pouvez avoir plus d\u2019informations sur Criteo Display ou d\u00e9sactiver ce service sur : <a href=\"http:\/\/www.criteo.com\/fr\/privacy\/\">http:\/\/www.criteo.com\/fr\/privacy\/<\/a><\/p>\r\n<p>Vous avez \u00e9galement la possibilit\u00e9 de vous opposer au d\u00e9p\u00f4t des cookies d\u2019une liste d\u2019opposition sur : <a href=\"http:\/\/www.youronlinechoices.com\/fr\/controler-ses-cookies\/\">http:\/\/www.youronlinechoices.com\/fr\/controler-ses-cookies\/<\/a><\/p>\r\n<p>Pour mieux conna\u00eetre vos droits, rendez-vous sur le site de la CNIL : <a href=\"https:\/\/www.francemachinesoutils.com\/fr\/www.cnil.fr\/fr\/comprendre-vos-droits\">www.cnil.fr\/fr\/comprendre-vos-droits<\/a><\/p>\r\n<\/div>\r\n<\/div>\r\n<\/main>\r\n<div id=\"sconnect-is-installed\" style=\"display: none;\">\u00a0<\/div>","protected":false},"excerpt":{"rendered":"<p>Politique de cookies Qu\u2019est ce qu\u2019un cookie ? Notre site&#8230;<\/p>\n","protected":false},"author":9,"featured_media":0,"parent":0,"menu_order":0,"comment_status":"closed","ping_status":"open","template":"","meta":{"_acf_changed":false,"footnotes":""},"class_list":["post-3","page","type-page","status-publish","hentry"],"acf":[],"yoast_head":"<!-- This site is optimized with the Yoast SEO plugin v27.1.1 - https:\/\/yoast.com\/product\/yoast-seo-wordpress\/ -->\n<title>Politique de confidentialit\u00e9 - France Machines Outils<\/title>\n<meta name=\"description\" content=\"D\u00e9couvrez notre politique de confidentialit\u00e9. Les cookies de notre site vous permettent d&#039;en savoir plus sur la gestion des donn\u00e9es chez FMO\" \/>\n<meta name=\"robots\" content=\"index, follow, max-snippet:-1, max-image-preview:large, max-video-preview:-1\" \/>\n<link rel=\"canonical\" href=\"https:\/\/www.francemachinesoutils.com\/fr\/cookies.html\" \/>\n<meta property=\"og:locale\" content=\"fr_FR\" \/>\n<meta property=\"og:type\" content=\"article\" \/>\n<meta property=\"og:title\" content=\"Politique de confidentialit\u00e9 - France Machines Outils\" \/>\n<meta property=\"og:description\" content=\"D\u00e9couvrez notre politique de confidentialit\u00e9. Les cookies de notre site vous permettent d&#039;en savoir plus sur la gestion des donn\u00e9es chez FMO\" \/>\n<meta property=\"og:url\" content=\"https:\/\/www.francemachinesoutils.com\/fr\/cookies.html\" \/>\n<meta property=\"og:site_name\" content=\"France Machines Outils\" \/>\n<meta property=\"article:publisher\" content=\"https:\/\/www.facebook.com\/France-Machines-Outils-916485235075111\" \/>\n<meta property=\"article:modified_time\" content=\"2023-10-02T11:39:57+00:00\" \/>\n<meta name=\"twitter:card\" content=\"summary_large_image\" \/>\n<meta name=\"twitter:label1\" content=\"Dur\u00e9e de lecture estim\u00e9e\" \/>\n\t<meta name=\"twitter:data1\" content=\"8 minutes\" \/>\n<script type=\"application\/ld+json\" class=\"yoast-schema-graph\">{\"@context\":\"https:\/\/schema.org\",\"@graph\":[{\"@type\":\"WebPage\",\"@id\":\"https:\/\/www.francemachinesoutils.com\/fr\/cookies.html\",\"url\":\"https:\/\/www.francemachinesoutils.com\/fr\/cookies.html\",\"name\":\"Politique de confidentialit\u00e9 - France Machines Outils\",\"isPartOf\":{\"@id\":\"https:\/\/www.francemachinesoutils.com\/fr\/#website\"},\"datePublished\":\"2020-04-22T13:56:53+00:00\",\"dateModified\":\"2023-10-02T11:39:57+00:00\",\"description\":\"D\u00e9couvrez notre politique de confidentialit\u00e9. Les cookies de notre site vous permettent d'en savoir plus sur la gestion des donn\u00e9es chez FMO\",\"breadcrumb\":{\"@id\":\"https:\/\/www.francemachinesoutils.com\/fr\/cookies.html#breadcrumb\"},\"inLanguage\":\"fr-FR\",\"potentialAction\":[{\"@type\":\"ReadAction\",\"target\":[\"https:\/\/www.francemachinesoutils.com\/fr\/cookies.html\"]}]},{\"@type\":\"BreadcrumbList\",\"@id\":\"https:\/\/www.francemachinesoutils.com\/fr\/cookies.html#breadcrumb\",\"itemListElement\":[{\"@type\":\"ListItem\",\"position\":1,\"name\":\"Accueil\",\"item\":\"https:\/\/www.francemachinesoutils.com\/fr\/\"},{\"@type\":\"ListItem\",\"position\":2,\"name\":\"Politique de confidentialit\u00e9\"}]},{\"@type\":\"WebSite\",\"@id\":\"https:\/\/www.francemachinesoutils.com\/fr\/#website\",\"url\":\"https:\/\/www.francemachinesoutils.com\/fr\/\",\"name\":\"France Machines Outils\",\"description\":\"France Machines Outils est fournisseur de machines outils neuves et d&#039;occasion pr\u00e9sent sur l&#039;ensemble du territoire.\",\"publisher\":{\"@id\":\"https:\/\/www.francemachinesoutils.com\/fr\/#organization\"},\"potentialAction\":[{\"@type\":\"SearchAction\",\"target\":{\"@type\":\"EntryPoint\",\"urlTemplate\":\"https:\/\/www.francemachinesoutils.com\/fr\/?s={search_term_string}\"},\"query-input\":{\"@type\":\"PropertyValueSpecification\",\"valueRequired\":true,\"valueName\":\"search_term_string\"}}],\"inLanguage\":\"fr-FR\"},{\"@type\":\"Organization\",\"@id\":\"https:\/\/www.francemachinesoutils.com\/fr\/#organization\",\"name\":\"France Machines Outils\",\"url\":\"https:\/\/www.francemachinesoutils.com\/fr\/\",\"logo\":{\"@type\":\"ImageObject\",\"inLanguage\":\"fr-FR\",\"@id\":\"https:\/\/www.francemachinesoutils.com\/fr\/#\/schema\/logo\/image\/\",\"url\":\"https:\/\/www.francemachinesoutils.com\/wp-content\/uploads\/2022\/05\/Icone_Logo_Bordure-01-01.jpg\",\"contentUrl\":\"https:\/\/www.francemachinesoutils.com\/wp-content\/uploads\/2022\/05\/Icone_Logo_Bordure-01-01.jpg\",\"width\":1512,\"height\":1512,\"caption\":\"France Machines Outils\"},\"image\":{\"@id\":\"https:\/\/www.francemachinesoutils.com\/fr\/#\/schema\/logo\/image\/\"},\"sameAs\":[\"https:\/\/www.facebook.com\/France-Machines-Outils-916485235075111\",\"https:\/\/www.linkedin.com\/company\/grp-france-machines-outils\/?viewAsMember=true\",\"https:\/\/www.youtube.com\/channel\/UCxbixPSB4J1a7GVI2nT3Y_g\"]}]}<\/script>\n<!-- \/ Yoast SEO plugin. -->","yoast_head_json":{"title":"Politique de confidentialit\u00e9 - France Machines Outils","description":"D\u00e9couvrez notre politique de confidentialit\u00e9. Les cookies de notre site vous permettent d'en savoir plus sur la gestion des donn\u00e9es chez FMO","robots":{"index":"index","follow":"follow","max-snippet":"max-snippet:-1","max-image-preview":"max-image-preview:large","max-video-preview":"max-video-preview:-1"},"canonical":"https:\/\/www.francemachinesoutils.com\/fr\/cookies.html","og_locale":"fr_FR","og_type":"article","og_title":"Politique de confidentialit\u00e9 - France Machines Outils","og_description":"D\u00e9couvrez notre politique de confidentialit\u00e9. Les cookies de notre site vous permettent d'en savoir plus sur la gestion des donn\u00e9es chez FMO","og_url":"https:\/\/www.francemachinesoutils.com\/fr\/cookies.html","og_site_name":"France Machines Outils","article_publisher":"https:\/\/www.facebook.com\/France-Machines-Outils-916485235075111","article_modified_time":"2023-10-02T11:39:57+00:00","twitter_card":"summary_large_image","twitter_misc":{"Dur\u00e9e de lecture estim\u00e9e":"8 minutes"},"schema":{"@context":"https:\/\/schema.org","@graph":[{"@type":"WebPage","@id":"https:\/\/www.francemachinesoutils.com\/fr\/cookies.html","url":"https:\/\/www.francemachinesoutils.com\/fr\/cookies.html","name":"Politique de confidentialit\u00e9 - France Machines Outils","isPartOf":{"@id":"https:\/\/www.francemachinesoutils.com\/fr\/#website"},"datePublished":"2020-04-22T13:56:53+00:00","dateModified":"2023-10-02T11:39:57+00:00","description":"D\u00e9couvrez notre politique de confidentialit\u00e9. Les cookies de notre site vous permettent d'en savoir plus sur la gestion des donn\u00e9es chez FMO","breadcrumb":{"@id":"https:\/\/www.francemachinesoutils.com\/fr\/cookies.html#breadcrumb"},"inLanguage":"fr-FR","potentialAction":[{"@type":"ReadAction","target":["https:\/\/www.francemachinesoutils.com\/fr\/cookies.html"]}]},{"@type":"BreadcrumbList","@id":"https:\/\/www.francemachinesoutils.com\/fr\/cookies.html#breadcrumb","itemListElement":[{"@type":"ListItem","position":1,"name":"Accueil","item":"https:\/\/www.francemachinesoutils.com\/fr\/"},{"@type":"ListItem","position":2,"name":"Politique de confidentialit\u00e9"}]},{"@type":"WebSite","@id":"https:\/\/www.francemachinesoutils.com\/fr\/#website","url":"https:\/\/www.francemachinesoutils.com\/fr\/","name":"France Machines Outils","description":"France Machines Outils est fournisseur de machines outils neuves et d&#039;occasion pr\u00e9sent sur l&#039;ensemble du territoire.","publisher":{"@id":"https:\/\/www.francemachinesoutils.com\/fr\/#organization"},"potentialAction":[{"@type":"SearchAction","target":{"@type":"EntryPoint","urlTemplate":"https:\/\/www.francemachinesoutils.com\/fr\/?s={search_term_string}"},"query-input":{"@type":"PropertyValueSpecification","valueRequired":true,"valueName":"search_term_string"}}],"inLanguage":"fr-FR"},{"@type":"Organization","@id":"https:\/\/www.francemachinesoutils.com\/fr\/#organization","name":"France Machines Outils","url":"https:\/\/www.francemachinesoutils.com\/fr\/","logo":{"@type":"ImageObject","inLanguage":"fr-FR","@id":"https:\/\/www.francemachinesoutils.com\/fr\/#\/schema\/logo\/image\/","url":"https:\/\/www.francemachinesoutils.com\/wp-content\/uploads\/2022\/05\/Icone_Logo_Bordure-01-01.jpg","contentUrl":"https:\/\/www.francemachinesoutils.com\/wp-content\/uploads\/2022\/05\/Icone_Logo_Bordure-01-01.jpg","width":1512,"height":1512,"caption":"France Machines Outils"},"image":{"@id":"https:\/\/www.francemachinesoutils.com\/fr\/#\/schema\/logo\/image\/"},"sameAs":["https:\/\/www.facebook.com\/France-Machines-Outils-916485235075111","https:\/\/www.linkedin.com\/company\/grp-france-machines-outils\/?viewAsMember=true","https:\/\/www.youtube.com\/channel\/UCxbixPSB4J1a7GVI2nT3Y_g"]}]}},"_links":{"self":[{"href":"https:\/\/www.francemachinesoutils.com\/fr\/wp-json\/wp\/v2\/pages\/3","targetHints":{"allow":["GET"]}}],"collection":[{"href":"https:\/\/www.francemachinesoutils.com\/fr\/wp-json\/wp\/v2\/pages"}],"about":[{"href":"https:\/\/www.francemachinesoutils.com\/fr\/wp-json\/wp\/v2\/types\/page"}],"author":[{"embeddable":true,"href":"https:\/\/www.francemachinesoutils.com\/fr\/wp-json\/wp\/v2\/users\/9"}],"replies":[{"embeddable":true,"href":"https:\/\/www.francemachinesoutils.com\/fr\/wp-json\/wp\/v2\/comments?post=3"}],"version-history":[{"count":3,"href":"https:\/\/www.francemachinesoutils.com\/fr\/wp-json\/wp\/v2\/pages\/3\/revisions"}],"predecessor-version":[{"id":3916,"href":"https:\/\/www.francemachinesoutils.com\/fr\/wp-json\/wp\/v2\/pages\/3\/revisions\/3916"}],"wp:attachment":[{"href":"https:\/\/www.francemachinesoutils.com\/fr\/wp-json\/wp\/v2\/media?parent=3"}],"curies":[{"name":"wp","href":"https:\/\/api.w.org\/{rel}","templated":true}]}}