{"id":3690,"date":"2020-07-10T10:38:49","date_gmt":"2020-07-10T08:38:49","guid":{"rendered":"https:\/\/www.francemachinesoutils.com\/?page_id=3690\/"},"modified":"2023-10-02T13:49:08","modified_gmt":"2023-10-02T11:49:08","slug":"plan-du-site","status":"publish","type":"page","link":"https:\/\/www.francemachinesoutils.com\/fr\/plan-du-site.html","title":{"rendered":"Plan du site"},"content":{"rendered":"<p>Retrouvez ci-dessous le plan du site France Machines Outils. Parcourez les familles de machines pour trouver celle qui correspond \u00e0 votre projet et acc\u00e9dez \u00e0 toutes nos informations l\u00e9gales et modes de contact.<\/p>\n<ul>\n<li><a href=\"https:\/\/www.francemachinesoutils.com\/fr\/\">Accueil<\/a><\/li>\n<li><a href=\"https:\/\/www.francemachinesoutils.com\/fr\/cn\/mecanique.html\">M\u00e9canique\u00a0<\/a><\/li>\n<li><a href=\"https:\/\/www.francemachinesoutils.com\/fr\/cn\/tolerie.html\">T\u00f4lerie<\/a><\/li>\n<li><a href=\"https:\/\/www.francemachinesoutils.com\/fr\/machines-doccasion.html\">Machine d&rsquo;occasion<\/a><\/li>\n<li><a href=\"https:\/\/www.francemachinesoutils.com\/fr\/logiciels.html\">Logiciel\u00a0\u00a0<\/a><\/li>\n<li><a href=\"https:\/\/www.francemachinesoutils.com\/fr\/qui-sommes-nous.html\">Le groupe\u00a0<\/a><\/li>\n<li><a href=\"https:\/\/www.francemachinesoutils.com\/fr\/partenaires.html\">Partenaires<\/a><\/li>\n<li><a href=\"https:\/\/www.francemachinesoutils.com\/fr\/nos-showrooms.html\">Nos showrooms<\/a><\/li>\n<li><a href=\"https:\/\/www.francemachinesoutils.com\/fr\/contact.html\">Contact<\/a><\/li>\n<li><a href=\"https:\/\/www.francemachinesoutils.com\/fr\/mentions-legales.html\">Mentions l\u00e9gales\u00a0<\/a><\/li>\n<li><a href=\"https:\/\/www.francemachinesoutils.com\/fr\/cookies.html\">Politique de confidentialit\u00e9<\/a><\/li>\n<\/ul>\n","protected":false},"excerpt":{"rendered":"<p>Retrouvez ci-dessous le plan du site France Machines Outils. Parcourez&#8230;<\/p>\n","protected":false},"author":9,"featured_media":0,"parent":0,"menu_order":0,"comment_status":"closed","ping_status":"closed","template":"","meta":{"_acf_changed":false,"footnotes":""},"class_list":["post-3690","page","type-page","status-publish","hentry"],"acf":[],"yoast_head":"<!-- This site is optimized with the Yoast SEO plugin v27.1.1 - https:\/\/yoast.com\/product\/yoast-seo-wordpress\/ -->\n<title>Plan du site - France Machines Outils<\/title>\n<meta name=\"description\" content=\"Plan de notre site : naviguez facilement et rapidement parmi nos cat\u00e9gories sur le site de France Machines Outils\" \/>\n<meta name=\"robots\" content=\"index, follow, max-snippet:-1, max-image-preview:large, max-video-preview:-1\" \/>\n<link rel=\"canonical\" href=\"https:\/\/www.francemachinesoutils.com\/fr\/plan-du-site.html\" \/>\n<meta property=\"og:locale\" content=\"fr_FR\" \/>\n<meta property=\"og:type\" content=\"article\" \/>\n<meta property=\"og:title\" content=\"Plan du site - France Machines Outils\" \/>\n<meta property=\"og:description\" content=\"Plan de notre site : naviguez facilement et rapidement parmi nos cat\u00e9gories sur le site de France Machines Outils\" \/>\n<meta property=\"og:url\" content=\"https:\/\/www.francemachinesoutils.com\/fr\/plan-du-site.html\" \/>\n<meta property=\"og:site_name\" content=\"France Machines Outils\" \/>\n<meta property=\"article:publisher\" content=\"https:\/\/www.facebook.com\/France-Machines-Outils-916485235075111\" \/>\n<meta property=\"article:modified_time\" content=\"2023-10-02T11:49:08+00:00\" \/>\n<meta name=\"twitter:card\" content=\"summary_large_image\" \/>\n<meta name=\"twitter:label1\" content=\"Dur\u00e9e de lecture estim\u00e9e\" \/>\n\t<meta name=\"twitter:data1\" content=\"1 minute\" \/>\n<script type=\"application\/ld+json\" class=\"yoast-schema-graph\">{\"@context\":\"https:\/\/schema.org\",\"@graph\":[{\"@type\":\"WebPage\",\"@id\":\"https:\/\/www.francemachinesoutils.com\/fr\/plan-du-site.html\",\"url\":\"https:\/\/www.francemachinesoutils.com\/fr\/plan-du-site.html\",\"name\":\"Plan du site - France Machines Outils\",\"isPartOf\":{\"@id\":\"https:\/\/www.francemachinesoutils.com\/fr\/#website\"},\"datePublished\":\"2020-07-10T08:38:49+00:00\",\"dateModified\":\"2023-10-02T11:49:08+00:00\",\"description\":\"Plan de notre site : naviguez facilement et rapidement parmi nos cat\u00e9gories sur le site de France Machines Outils\",\"breadcrumb\":{\"@id\":\"https:\/\/www.francemachinesoutils.com\/fr\/plan-du-site.html#breadcrumb\"},\"inLanguage\":\"fr-FR\",\"potentialAction\":[{\"@type\":\"ReadAction\",\"target\":[\"https:\/\/www.francemachinesoutils.com\/fr\/plan-du-site.html\"]}]},{\"@type\":\"BreadcrumbList\",\"@id\":\"https:\/\/www.francemachinesoutils.com\/fr\/plan-du-site.html#breadcrumb\",\"itemListElement\":[{\"@type\":\"ListItem\",\"position\":1,\"name\":\"Accueil\",\"item\":\"https:\/\/www.francemachinesoutils.com\/fr\/\"},{\"@type\":\"ListItem\",\"position\":2,\"name\":\"Plan du site\"}]},{\"@type\":\"WebSite\",\"@id\":\"https:\/\/www.francemachinesoutils.com\/fr\/#website\",\"url\":\"https:\/\/www.francemachinesoutils.com\/fr\/\",\"name\":\"France Machines Outils\",\"description\":\"France Machines Outils est fournisseur de machines outils neuves et d&#039;occasion pr\u00e9sent sur l&#039;ensemble du territoire.\",\"publisher\":{\"@id\":\"https:\/\/www.francemachinesoutils.com\/fr\/#organization\"},\"potentialAction\":[{\"@type\":\"SearchAction\",\"target\":{\"@type\":\"EntryPoint\",\"urlTemplate\":\"https:\/\/www.francemachinesoutils.com\/fr\/?s={search_term_string}\"},\"query-input\":{\"@type\":\"PropertyValueSpecification\",\"valueRequired\":true,\"valueName\":\"search_term_string\"}}],\"inLanguage\":\"fr-FR\"},{\"@type\":\"Organization\",\"@id\":\"https:\/\/www.francemachinesoutils.com\/fr\/#organization\",\"name\":\"France Machines Outils\",\"url\":\"https:\/\/www.francemachinesoutils.com\/fr\/\",\"logo\":{\"@type\":\"ImageObject\",\"inLanguage\":\"fr-FR\",\"@id\":\"https:\/\/www.francemachinesoutils.com\/fr\/#\/schema\/logo\/image\/\",\"url\":\"https:\/\/www.francemachinesoutils.com\/wp-content\/uploads\/2022\/05\/Icone_Logo_Bordure-01-01.jpg\",\"contentUrl\":\"https:\/\/www.francemachinesoutils.com\/wp-content\/uploads\/2022\/05\/Icone_Logo_Bordure-01-01.jpg\",\"width\":1512,\"height\":1512,\"caption\":\"France Machines Outils\"},\"image\":{\"@id\":\"https:\/\/www.francemachinesoutils.com\/fr\/#\/schema\/logo\/image\/\"},\"sameAs\":[\"https:\/\/www.facebook.com\/France-Machines-Outils-916485235075111\",\"https:\/\/www.linkedin.com\/company\/grp-france-machines-outils\/?viewAsMember=true\",\"https:\/\/www.youtube.com\/channel\/UCxbixPSB4J1a7GVI2nT3Y_g\"]}]}<\/script>\n<!-- \/ Yoast SEO plugin. -->","yoast_head_json":{"title":"Plan du site - France Machines Outils","description":"Plan de notre site : naviguez facilement et rapidement parmi nos cat\u00e9gories sur le site de France Machines Outils","robots":{"index":"index","follow":"follow","max-snippet":"max-snippet:-1","max-image-preview":"max-image-preview:large","max-video-preview":"max-video-preview:-1"},"canonical":"https:\/\/www.francemachinesoutils.com\/fr\/plan-du-site.html","og_locale":"fr_FR","og_type":"article","og_title":"Plan du site - France Machines Outils","og_description":"Plan de notre site : naviguez facilement et rapidement parmi nos cat\u00e9gories sur le site de France Machines Outils","og_url":"https:\/\/www.francemachinesoutils.com\/fr\/plan-du-site.html","og_site_name":"France Machines Outils","article_publisher":"https:\/\/www.facebook.com\/France-Machines-Outils-916485235075111","article_modified_time":"2023-10-02T11:49:08+00:00","twitter_card":"summary_large_image","twitter_misc":{"Dur\u00e9e de lecture estim\u00e9e":"1 minute"},"schema":{"@context":"https:\/\/schema.org","@graph":[{"@type":"WebPage","@id":"https:\/\/www.francemachinesoutils.com\/fr\/plan-du-site.html","url":"https:\/\/www.francemachinesoutils.com\/fr\/plan-du-site.html","name":"Plan du site - France Machines Outils","isPartOf":{"@id":"https:\/\/www.francemachinesoutils.com\/fr\/#website"},"datePublished":"2020-07-10T08:38:49+00:00","dateModified":"2023-10-02T11:49:08+00:00","description":"Plan de notre site : naviguez facilement et rapidement parmi nos cat\u00e9gories sur le site de France Machines Outils","breadcrumb":{"@id":"https:\/\/www.francemachinesoutils.com\/fr\/plan-du-site.html#breadcrumb"},"inLanguage":"fr-FR","potentialAction":[{"@type":"ReadAction","target":["https:\/\/www.francemachinesoutils.com\/fr\/plan-du-site.html"]}]},{"@type":"BreadcrumbList","@id":"https:\/\/www.francemachinesoutils.com\/fr\/plan-du-site.html#breadcrumb","itemListElement":[{"@type":"ListItem","position":1,"name":"Accueil","item":"https:\/\/www.francemachinesoutils.com\/fr\/"},{"@type":"ListItem","position":2,"name":"Plan du site"}]},{"@type":"WebSite","@id":"https:\/\/www.francemachinesoutils.com\/fr\/#website","url":"https:\/\/www.francemachinesoutils.com\/fr\/","name":"France Machines Outils","description":"France Machines Outils est fournisseur de machines outils neuves et d&#039;occasion pr\u00e9sent sur l&#039;ensemble du territoire.","publisher":{"@id":"https:\/\/www.francemachinesoutils.com\/fr\/#organization"},"potentialAction":[{"@type":"SearchAction","target":{"@type":"EntryPoint","urlTemplate":"https:\/\/www.francemachinesoutils.com\/fr\/?s={search_term_string}"},"query-input":{"@type":"PropertyValueSpecification","valueRequired":true,"valueName":"search_term_string"}}],"inLanguage":"fr-FR"},{"@type":"Organization","@id":"https:\/\/www.francemachinesoutils.com\/fr\/#organization","name":"France Machines Outils","url":"https:\/\/www.francemachinesoutils.com\/fr\/","logo":{"@type":"ImageObject","inLanguage":"fr-FR","@id":"https:\/\/www.francemachinesoutils.com\/fr\/#\/schema\/logo\/image\/","url":"https:\/\/www.francemachinesoutils.com\/wp-content\/uploads\/2022\/05\/Icone_Logo_Bordure-01-01.jpg","contentUrl":"https:\/\/www.francemachinesoutils.com\/wp-content\/uploads\/2022\/05\/Icone_Logo_Bordure-01-01.jpg","width":1512,"height":1512,"caption":"France Machines Outils"},"image":{"@id":"https:\/\/www.francemachinesoutils.com\/fr\/#\/schema\/logo\/image\/"},"sameAs":["https:\/\/www.facebook.com\/France-Machines-Outils-916485235075111","https:\/\/www.linkedin.com\/company\/grp-france-machines-outils\/?viewAsMember=true","https:\/\/www.youtube.com\/channel\/UCxbixPSB4J1a7GVI2nT3Y_g"]}]}},"_links":{"self":[{"href":"https:\/\/www.francemachinesoutils.com\/fr\/wp-json\/wp\/v2\/pages\/3690","targetHints":{"allow":["GET"]}}],"collection":[{"href":"https:\/\/www.francemachinesoutils.com\/fr\/wp-json\/wp\/v2\/pages"}],"about":[{"href":"https:\/\/www.francemachinesoutils.com\/fr\/wp-json\/wp\/v2\/types\/page"}],"author":[{"embeddable":true,"href":"https:\/\/www.francemachinesoutils.com\/fr\/wp-json\/wp\/v2\/users\/9"}],"replies":[{"embeddable":true,"href":"https:\/\/www.francemachinesoutils.com\/fr\/wp-json\/wp\/v2\/comments?post=3690"}],"version-history":[{"count":3,"href":"https:\/\/www.francemachinesoutils.com\/fr\/wp-json\/wp\/v2\/pages\/3690\/revisions"}],"predecessor-version":[{"id":3702,"href":"https:\/\/www.francemachinesoutils.com\/fr\/wp-json\/wp\/v2\/pages\/3690\/revisions\/3702"}],"wp:attachment":[{"href":"https:\/\/www.francemachinesoutils.com\/fr\/wp-json\/wp\/v2\/media?parent=3690"}],"curies":[{"name":"wp","href":"https:\/\/api.w.org\/{rel}","templated":true}]}}