{"id":5587,"date":"2022-07-29T14:57:38","date_gmt":"2022-07-29T12:57:38","guid":{"rendered":"https:\/\/www.francemachinesoutils.com\/?page_id=5587\/"},"modified":"2026-02-24T12:13:52","modified_gmt":"2026-02-24T11:13:52","slug":"cn-tolerie-decoupe-machines-de-decoupe-laser-a-plat-html","status":"publish","type":"page","link":"https:\/\/www.francemachinesoutils.com\/fr\/cn-tolerie-decoupe-machines-de-decoupe-laser-a-plat-html.html","title":{"rendered":"Laser fibre DURMA"},"content":{"rendered":"<p>&nbsp;<\/p>\n<div id=\"sconnect-is-installed\" style=\"display: none;\"><\/div>\n","protected":false},"excerpt":{"rendered":"<p>&nbsp;<\/p>\n","protected":false},"author":7,"featured_media":0,"parent":0,"menu_order":0,"comment_status":"closed","ping_status":"closed","template":"templates\/landing-page.php","meta":{"_acf_changed":false,"footnotes":""},"class_list":["post-5587","page","type-page","status-publish","hentry"],"acf":[],"yoast_head":"<!-- This site is optimized with the Yoast SEO plugin v27.1.1 - https:\/\/yoast.com\/product\/yoast-seo-wordpress\/ -->\n<title>D\u00e9coupe laser m\u00e9tal, acier, alu - France Machines Outils<\/title>\n<meta name=\"description\" content=\"D\u00e9coupe laser m\u00e9tal, acier et aluminium : notre gamme de laser fibre \u00e0 plat et tubes vous permet de r\u00e9aliser vos d\u00e9coupes sur t\u00f4les.\" \/>\n<meta name=\"robots\" content=\"index, follow, max-snippet:-1, max-image-preview:large, max-video-preview:-1\" \/>\n<link rel=\"canonical\" href=\"https:\/\/www.francemachinesoutils.com\/fr\/cn-tolerie-decoupe-machines-de-decoupe-laser-a-plat-html.html\" \/>\n<meta property=\"og:locale\" content=\"fr_FR\" \/>\n<meta property=\"og:type\" content=\"article\" \/>\n<meta property=\"og:title\" content=\"D\u00e9coupe laser m\u00e9tal, acier, alu - France Machines Outils\" \/>\n<meta property=\"og:description\" content=\"D\u00e9coupe laser m\u00e9tal, acier et aluminium : notre gamme de laser fibre \u00e0 plat et tubes vous permet de r\u00e9aliser vos d\u00e9coupes sur t\u00f4les.\" \/>\n<meta property=\"og:url\" content=\"https:\/\/www.francemachinesoutils.com\/fr\/cn-tolerie-decoupe-machines-de-decoupe-laser-a-plat-html.html\" \/>\n<meta property=\"og:site_name\" content=\"France Machines Outils\" \/>\n<meta property=\"article:publisher\" content=\"https:\/\/www.facebook.com\/France-Machines-Outils-916485235075111\" \/>\n<meta property=\"article:modified_time\" content=\"2026-02-24T11:13:52+00:00\" \/>\n<meta name=\"twitter:card\" content=\"summary_large_image\" \/>\n<script type=\"application\/ld+json\" class=\"yoast-schema-graph\">{\"@context\":\"https:\/\/schema.org\",\"@graph\":[{\"@type\":\"WebPage\",\"@id\":\"https:\/\/www.francemachinesoutils.com\/fr\/cn-tolerie-decoupe-machines-de-decoupe-laser-a-plat-html.html\",\"url\":\"https:\/\/www.francemachinesoutils.com\/fr\/cn-tolerie-decoupe-machines-de-decoupe-laser-a-plat-html.html\",\"name\":\"D\u00e9coupe laser m\u00e9tal, acier, alu - France Machines Outils\",\"isPartOf\":{\"@id\":\"https:\/\/www.francemachinesoutils.com\/fr\/#website\"},\"datePublished\":\"2022-07-29T12:57:38+00:00\",\"dateModified\":\"2026-02-24T11:13:52+00:00\",\"description\":\"D\u00e9coupe laser m\u00e9tal, acier et aluminium : notre gamme de laser fibre \u00e0 plat et tubes vous permet de r\u00e9aliser vos d\u00e9coupes sur t\u00f4les.\",\"breadcrumb\":{\"@id\":\"https:\/\/www.francemachinesoutils.com\/fr\/cn-tolerie-decoupe-machines-de-decoupe-laser-a-plat-html.html#breadcrumb\"},\"inLanguage\":\"fr-FR\",\"potentialAction\":[{\"@type\":\"ReadAction\",\"target\":[\"https:\/\/www.francemachinesoutils.com\/fr\/cn-tolerie-decoupe-machines-de-decoupe-laser-a-plat-html.html\"]}]},{\"@type\":\"BreadcrumbList\",\"@id\":\"https:\/\/www.francemachinesoutils.com\/fr\/cn-tolerie-decoupe-machines-de-decoupe-laser-a-plat-html.html#breadcrumb\",\"itemListElement\":[{\"@type\":\"ListItem\",\"position\":1,\"name\":\"Accueil\",\"item\":\"https:\/\/www.francemachinesoutils.com\/fr\/\"},{\"@type\":\"ListItem\",\"position\":2,\"name\":\"Laser fibre DURMA\"}]},{\"@type\":\"WebSite\",\"@id\":\"https:\/\/www.francemachinesoutils.com\/fr\/#website\",\"url\":\"https:\/\/www.francemachinesoutils.com\/fr\/\",\"name\":\"France Machines Outils\",\"description\":\"France Machines Outils est fournisseur de machines outils neuves et d&#039;occasion pr\u00e9sent sur l&#039;ensemble du territoire.\",\"publisher\":{\"@id\":\"https:\/\/www.francemachinesoutils.com\/fr\/#organization\"},\"potentialAction\":[{\"@type\":\"SearchAction\",\"target\":{\"@type\":\"EntryPoint\",\"urlTemplate\":\"https:\/\/www.francemachinesoutils.com\/fr\/?s={search_term_string}\"},\"query-input\":{\"@type\":\"PropertyValueSpecification\",\"valueRequired\":true,\"valueName\":\"search_term_string\"}}],\"inLanguage\":\"fr-FR\"},{\"@type\":\"Organization\",\"@id\":\"https:\/\/www.francemachinesoutils.com\/fr\/#organization\",\"name\":\"France Machines Outils\",\"url\":\"https:\/\/www.francemachinesoutils.com\/fr\/\",\"logo\":{\"@type\":\"ImageObject\",\"inLanguage\":\"fr-FR\",\"@id\":\"https:\/\/www.francemachinesoutils.com\/fr\/#\/schema\/logo\/image\/\",\"url\":\"https:\/\/www.francemachinesoutils.com\/wp-content\/uploads\/2022\/05\/Icone_Logo_Bordure-01-01.jpg\",\"contentUrl\":\"https:\/\/www.francemachinesoutils.com\/wp-content\/uploads\/2022\/05\/Icone_Logo_Bordure-01-01.jpg\",\"width\":1512,\"height\":1512,\"caption\":\"France Machines Outils\"},\"image\":{\"@id\":\"https:\/\/www.francemachinesoutils.com\/fr\/#\/schema\/logo\/image\/\"},\"sameAs\":[\"https:\/\/www.facebook.com\/France-Machines-Outils-916485235075111\",\"https:\/\/www.linkedin.com\/company\/grp-france-machines-outils\/?viewAsMember=true\",\"https:\/\/www.youtube.com\/channel\/UCxbixPSB4J1a7GVI2nT3Y_g\"]}]}<\/script>\n<!-- \/ Yoast SEO plugin. -->","yoast_head_json":{"title":"D\u00e9coupe laser m\u00e9tal, acier, alu - France Machines Outils","description":"D\u00e9coupe laser m\u00e9tal, acier et aluminium : notre gamme de laser fibre \u00e0 plat et tubes vous permet de r\u00e9aliser vos d\u00e9coupes sur t\u00f4les.","robots":{"index":"index","follow":"follow","max-snippet":"max-snippet:-1","max-image-preview":"max-image-preview:large","max-video-preview":"max-video-preview:-1"},"canonical":"https:\/\/www.francemachinesoutils.com\/fr\/cn-tolerie-decoupe-machines-de-decoupe-laser-a-plat-html.html","og_locale":"fr_FR","og_type":"article","og_title":"D\u00e9coupe laser m\u00e9tal, acier, alu - France Machines Outils","og_description":"D\u00e9coupe laser m\u00e9tal, acier et aluminium : notre gamme de laser fibre \u00e0 plat et tubes vous permet de r\u00e9aliser vos d\u00e9coupes sur t\u00f4les.","og_url":"https:\/\/www.francemachinesoutils.com\/fr\/cn-tolerie-decoupe-machines-de-decoupe-laser-a-plat-html.html","og_site_name":"France Machines Outils","article_publisher":"https:\/\/www.facebook.com\/France-Machines-Outils-916485235075111","article_modified_time":"2026-02-24T11:13:52+00:00","twitter_card":"summary_large_image","schema":{"@context":"https:\/\/schema.org","@graph":[{"@type":"WebPage","@id":"https:\/\/www.francemachinesoutils.com\/fr\/cn-tolerie-decoupe-machines-de-decoupe-laser-a-plat-html.html","url":"https:\/\/www.francemachinesoutils.com\/fr\/cn-tolerie-decoupe-machines-de-decoupe-laser-a-plat-html.html","name":"D\u00e9coupe laser m\u00e9tal, acier, alu - France Machines Outils","isPartOf":{"@id":"https:\/\/www.francemachinesoutils.com\/fr\/#website"},"datePublished":"2022-07-29T12:57:38+00:00","dateModified":"2026-02-24T11:13:52+00:00","description":"D\u00e9coupe laser m\u00e9tal, acier et aluminium : notre gamme de laser fibre \u00e0 plat et tubes vous permet de r\u00e9aliser vos d\u00e9coupes sur t\u00f4les.","breadcrumb":{"@id":"https:\/\/www.francemachinesoutils.com\/fr\/cn-tolerie-decoupe-machines-de-decoupe-laser-a-plat-html.html#breadcrumb"},"inLanguage":"fr-FR","potentialAction":[{"@type":"ReadAction","target":["https:\/\/www.francemachinesoutils.com\/fr\/cn-tolerie-decoupe-machines-de-decoupe-laser-a-plat-html.html"]}]},{"@type":"BreadcrumbList","@id":"https:\/\/www.francemachinesoutils.com\/fr\/cn-tolerie-decoupe-machines-de-decoupe-laser-a-plat-html.html#breadcrumb","itemListElement":[{"@type":"ListItem","position":1,"name":"Accueil","item":"https:\/\/www.francemachinesoutils.com\/fr\/"},{"@type":"ListItem","position":2,"name":"Laser fibre DURMA"}]},{"@type":"WebSite","@id":"https:\/\/www.francemachinesoutils.com\/fr\/#website","url":"https:\/\/www.francemachinesoutils.com\/fr\/","name":"France Machines Outils","description":"France Machines Outils est fournisseur de machines outils neuves et d&#039;occasion pr\u00e9sent sur l&#039;ensemble du territoire.","publisher":{"@id":"https:\/\/www.francemachinesoutils.com\/fr\/#organization"},"potentialAction":[{"@type":"SearchAction","target":{"@type":"EntryPoint","urlTemplate":"https:\/\/www.francemachinesoutils.com\/fr\/?s={search_term_string}"},"query-input":{"@type":"PropertyValueSpecification","valueRequired":true,"valueName":"search_term_string"}}],"inLanguage":"fr-FR"},{"@type":"Organization","@id":"https:\/\/www.francemachinesoutils.com\/fr\/#organization","name":"France Machines Outils","url":"https:\/\/www.francemachinesoutils.com\/fr\/","logo":{"@type":"ImageObject","inLanguage":"fr-FR","@id":"https:\/\/www.francemachinesoutils.com\/fr\/#\/schema\/logo\/image\/","url":"https:\/\/www.francemachinesoutils.com\/wp-content\/uploads\/2022\/05\/Icone_Logo_Bordure-01-01.jpg","contentUrl":"https:\/\/www.francemachinesoutils.com\/wp-content\/uploads\/2022\/05\/Icone_Logo_Bordure-01-01.jpg","width":1512,"height":1512,"caption":"France Machines Outils"},"image":{"@id":"https:\/\/www.francemachinesoutils.com\/fr\/#\/schema\/logo\/image\/"},"sameAs":["https:\/\/www.facebook.com\/France-Machines-Outils-916485235075111","https:\/\/www.linkedin.com\/company\/grp-france-machines-outils\/?viewAsMember=true","https:\/\/www.youtube.com\/channel\/UCxbixPSB4J1a7GVI2nT3Y_g"]}]}},"_links":{"self":[{"href":"https:\/\/www.francemachinesoutils.com\/fr\/wp-json\/wp\/v2\/pages\/5587","targetHints":{"allow":["GET"]}}],"collection":[{"href":"https:\/\/www.francemachinesoutils.com\/fr\/wp-json\/wp\/v2\/pages"}],"about":[{"href":"https:\/\/www.francemachinesoutils.com\/fr\/wp-json\/wp\/v2\/types\/page"}],"author":[{"embeddable":true,"href":"https:\/\/www.francemachinesoutils.com\/fr\/wp-json\/wp\/v2\/users\/7"}],"replies":[{"embeddable":true,"href":"https:\/\/www.francemachinesoutils.com\/fr\/wp-json\/wp\/v2\/comments?post=5587"}],"version-history":[{"count":3,"href":"https:\/\/www.francemachinesoutils.com\/fr\/wp-json\/wp\/v2\/pages\/5587\/revisions"}],"predecessor-version":[{"id":6016,"href":"https:\/\/www.francemachinesoutils.com\/fr\/wp-json\/wp\/v2\/pages\/5587\/revisions\/6016"}],"wp:attachment":[{"href":"https:\/\/www.francemachinesoutils.com\/fr\/wp-json\/wp\/v2\/media?parent=5587"}],"curies":[{"name":"wp","href":"https:\/\/api.w.org\/{rel}","templated":true}]}}