{"id":6570,"date":"2023-04-03T11:29:52","date_gmt":"2023-04-03T09:29:52","guid":{"rendered":"https:\/\/www.francemachinesoutils.com\/?page_id=6570\/"},"modified":"2023-04-17T15:40:52","modified_gmt":"2023-04-17T13:40:52","slug":"temoignages-de-nos-clients","status":"publish","type":"page","link":"https:\/\/www.francemachinesoutils.com\/fr\/temoignages-de-nos-clients.html","title":{"rendered":"T\u00e9moignages clients"},"content":{"rendered":"<p><strong>Lyc\u00e9e Jules-Verne \u00e0 Mondeville :<\/strong><br \/>\n<video style=\"margin: auto; display: block;\" src=\"https:\/\/cdn.www.francemachinesoutils.com\/wp-content\/uploads\/2023\/03\/Jules-Verne_Mondeville_1_1.mp4\" controls=\"controls\" width=\"1080\" height=\"720\"><\/video><br \/>\n<strong>Lyc\u00e9e Cl\u00e9ment-Ader \u00e0 Bernay :<\/strong><br \/>\n<video style=\"margin: auto; display: block;\" src=\"https:\/\/cdn.www.francemachinesoutils.com\/wp-content\/uploads\/2023\/03\/Clement-Ader_Bernay_1.mp4\" controls=\"controls\" width=\"1080\" height=\"720\"><\/video><br \/>\n<strong>Ecole de production \u00e0 Limoges :<\/strong><br \/>\n<video style=\"margin: auto; display: block;\" src=\"https:\/\/cdn.www.francemachinesoutils.com\/wp-content\/uploads\/2023\/03\/Ecole-Production_Limoges_1.mp4\" controls=\"controls\" width=\"1080\" height=\"720\"><\/video><br \/>\n<strong>Lyc\u00e9e Jean-Mermoz \u00e0 Vires :<\/strong><br \/>\n<video style=\"margin: auto; display: block;\" src=\"https:\/\/cdn.www.francemachinesoutils.com\/wp-content\/uploads\/2023\/03\/Jean-Mermoz_Vire_1.mp4\" controls=\"controls\" width=\"1080\" height=\"720\"><\/video><\/p>\n","protected":false},"excerpt":{"rendered":"<p>Lyc\u00e9e Jules-Verne \u00e0 Mondeville : Lyc\u00e9e Cl\u00e9ment-Ader \u00e0 Bernay :&#8230;<\/p>\n","protected":false},"author":7,"featured_media":0,"parent":0,"menu_order":0,"comment_status":"closed","ping_status":"closed","template":"","meta":{"_acf_changed":false,"footnotes":""},"class_list":["post-6570","page","type-page","status-publish","hentry"],"acf":[],"yoast_head":"<!-- This site is optimized with the Yoast SEO plugin v27.1.1 - https:\/\/yoast.com\/product\/yoast-seo-wordpress\/ -->\n<title>T\u00e9moignages clients - France Machines Outils<\/title>\n<meta name=\"robots\" content=\"index, follow, max-snippet:-1, max-image-preview:large, max-video-preview:-1\" \/>\n<link rel=\"canonical\" href=\"https:\/\/www.francemachinesoutils.com\/fr\/temoignages-de-nos-clients.html\" \/>\n<meta property=\"og:locale\" content=\"fr_FR\" \/>\n<meta property=\"og:type\" content=\"article\" \/>\n<meta property=\"og:title\" content=\"T\u00e9moignages clients - France Machines Outils\" \/>\n<meta property=\"og:description\" content=\"Lyc\u00e9e Jules-Verne \u00e0 Mondeville : Lyc\u00e9e Cl\u00e9ment-Ader \u00e0 Bernay :...\" \/>\n<meta property=\"og:url\" content=\"https:\/\/www.francemachinesoutils.com\/fr\/temoignages-de-nos-clients.html\" \/>\n<meta property=\"og:site_name\" content=\"France Machines Outils\" \/>\n<meta property=\"article:publisher\" content=\"https:\/\/www.facebook.com\/France-Machines-Outils-916485235075111\" \/>\n<meta property=\"article:modified_time\" content=\"2023-04-17T13:40:52+00:00\" \/>\n<meta name=\"twitter:card\" content=\"summary_large_image\" \/>\n<meta name=\"twitter:label1\" content=\"Dur\u00e9e de lecture estim\u00e9e\" \/>\n\t<meta name=\"twitter:data1\" content=\"1 minute\" \/>\n<script type=\"application\/ld+json\" class=\"yoast-schema-graph\">{\"@context\":\"https:\/\/schema.org\",\"@graph\":[{\"@type\":\"WebPage\",\"@id\":\"https:\/\/www.francemachinesoutils.com\/fr\/temoignages-de-nos-clients.html\",\"url\":\"https:\/\/www.francemachinesoutils.com\/fr\/temoignages-de-nos-clients.html\",\"name\":\"T\u00e9moignages clients - France Machines Outils\",\"isPartOf\":{\"@id\":\"https:\/\/www.francemachinesoutils.com\/fr\/#website\"},\"datePublished\":\"2023-04-03T09:29:52+00:00\",\"dateModified\":\"2023-04-17T13:40:52+00:00\",\"breadcrumb\":{\"@id\":\"https:\/\/www.francemachinesoutils.com\/fr\/temoignages-de-nos-clients.html#breadcrumb\"},\"inLanguage\":\"fr-FR\",\"potentialAction\":[{\"@type\":\"ReadAction\",\"target\":[\"https:\/\/www.francemachinesoutils.com\/fr\/temoignages-de-nos-clients.html\"]}]},{\"@type\":\"BreadcrumbList\",\"@id\":\"https:\/\/www.francemachinesoutils.com\/fr\/temoignages-de-nos-clients.html#breadcrumb\",\"itemListElement\":[{\"@type\":\"ListItem\",\"position\":1,\"name\":\"Accueil\",\"item\":\"https:\/\/www.francemachinesoutils.com\/fr\/\"},{\"@type\":\"ListItem\",\"position\":2,\"name\":\"T\u00e9moignages clients\"}]},{\"@type\":\"WebSite\",\"@id\":\"https:\/\/www.francemachinesoutils.com\/fr\/#website\",\"url\":\"https:\/\/www.francemachinesoutils.com\/fr\/\",\"name\":\"France Machines Outils\",\"description\":\"France Machines Outils est fournisseur de machines outils neuves et d&#039;occasion pr\u00e9sent sur l&#039;ensemble du territoire.\",\"publisher\":{\"@id\":\"https:\/\/www.francemachinesoutils.com\/fr\/#organization\"},\"potentialAction\":[{\"@type\":\"SearchAction\",\"target\":{\"@type\":\"EntryPoint\",\"urlTemplate\":\"https:\/\/www.francemachinesoutils.com\/fr\/?s={search_term_string}\"},\"query-input\":{\"@type\":\"PropertyValueSpecification\",\"valueRequired\":true,\"valueName\":\"search_term_string\"}}],\"inLanguage\":\"fr-FR\"},{\"@type\":\"Organization\",\"@id\":\"https:\/\/www.francemachinesoutils.com\/fr\/#organization\",\"name\":\"France Machines Outils\",\"url\":\"https:\/\/www.francemachinesoutils.com\/fr\/\",\"logo\":{\"@type\":\"ImageObject\",\"inLanguage\":\"fr-FR\",\"@id\":\"https:\/\/www.francemachinesoutils.com\/fr\/#\/schema\/logo\/image\/\",\"url\":\"https:\/\/www.francemachinesoutils.com\/wp-content\/uploads\/2022\/05\/Icone_Logo_Bordure-01-01.jpg\",\"contentUrl\":\"https:\/\/www.francemachinesoutils.com\/wp-content\/uploads\/2022\/05\/Icone_Logo_Bordure-01-01.jpg\",\"width\":1512,\"height\":1512,\"caption\":\"France Machines Outils\"},\"image\":{\"@id\":\"https:\/\/www.francemachinesoutils.com\/fr\/#\/schema\/logo\/image\/\"},\"sameAs\":[\"https:\/\/www.facebook.com\/France-Machines-Outils-916485235075111\",\"https:\/\/www.linkedin.com\/company\/grp-france-machines-outils\/?viewAsMember=true\",\"https:\/\/www.youtube.com\/channel\/UCxbixPSB4J1a7GVI2nT3Y_g\"]}]}<\/script>\n<!-- \/ Yoast SEO plugin. -->","yoast_head_json":{"title":"T\u00e9moignages clients - France Machines Outils","robots":{"index":"index","follow":"follow","max-snippet":"max-snippet:-1","max-image-preview":"max-image-preview:large","max-video-preview":"max-video-preview:-1"},"canonical":"https:\/\/www.francemachinesoutils.com\/fr\/temoignages-de-nos-clients.html","og_locale":"fr_FR","og_type":"article","og_title":"T\u00e9moignages clients - France Machines Outils","og_description":"Lyc\u00e9e Jules-Verne \u00e0 Mondeville : Lyc\u00e9e Cl\u00e9ment-Ader \u00e0 Bernay :...","og_url":"https:\/\/www.francemachinesoutils.com\/fr\/temoignages-de-nos-clients.html","og_site_name":"France Machines Outils","article_publisher":"https:\/\/www.facebook.com\/France-Machines-Outils-916485235075111","article_modified_time":"2023-04-17T13:40:52+00:00","twitter_card":"summary_large_image","twitter_misc":{"Dur\u00e9e de lecture estim\u00e9e":"1 minute"},"schema":{"@context":"https:\/\/schema.org","@graph":[{"@type":"WebPage","@id":"https:\/\/www.francemachinesoutils.com\/fr\/temoignages-de-nos-clients.html","url":"https:\/\/www.francemachinesoutils.com\/fr\/temoignages-de-nos-clients.html","name":"T\u00e9moignages clients - France Machines Outils","isPartOf":{"@id":"https:\/\/www.francemachinesoutils.com\/fr\/#website"},"datePublished":"2023-04-03T09:29:52+00:00","dateModified":"2023-04-17T13:40:52+00:00","breadcrumb":{"@id":"https:\/\/www.francemachinesoutils.com\/fr\/temoignages-de-nos-clients.html#breadcrumb"},"inLanguage":"fr-FR","potentialAction":[{"@type":"ReadAction","target":["https:\/\/www.francemachinesoutils.com\/fr\/temoignages-de-nos-clients.html"]}]},{"@type":"BreadcrumbList","@id":"https:\/\/www.francemachinesoutils.com\/fr\/temoignages-de-nos-clients.html#breadcrumb","itemListElement":[{"@type":"ListItem","position":1,"name":"Accueil","item":"https:\/\/www.francemachinesoutils.com\/fr\/"},{"@type":"ListItem","position":2,"name":"T\u00e9moignages clients"}]},{"@type":"WebSite","@id":"https:\/\/www.francemachinesoutils.com\/fr\/#website","url":"https:\/\/www.francemachinesoutils.com\/fr\/","name":"France Machines Outils","description":"France Machines Outils est fournisseur de machines outils neuves et d&#039;occasion pr\u00e9sent sur l&#039;ensemble du territoire.","publisher":{"@id":"https:\/\/www.francemachinesoutils.com\/fr\/#organization"},"potentialAction":[{"@type":"SearchAction","target":{"@type":"EntryPoint","urlTemplate":"https:\/\/www.francemachinesoutils.com\/fr\/?s={search_term_string}"},"query-input":{"@type":"PropertyValueSpecification","valueRequired":true,"valueName":"search_term_string"}}],"inLanguage":"fr-FR"},{"@type":"Organization","@id":"https:\/\/www.francemachinesoutils.com\/fr\/#organization","name":"France Machines Outils","url":"https:\/\/www.francemachinesoutils.com\/fr\/","logo":{"@type":"ImageObject","inLanguage":"fr-FR","@id":"https:\/\/www.francemachinesoutils.com\/fr\/#\/schema\/logo\/image\/","url":"https:\/\/www.francemachinesoutils.com\/wp-content\/uploads\/2022\/05\/Icone_Logo_Bordure-01-01.jpg","contentUrl":"https:\/\/www.francemachinesoutils.com\/wp-content\/uploads\/2022\/05\/Icone_Logo_Bordure-01-01.jpg","width":1512,"height":1512,"caption":"France Machines Outils"},"image":{"@id":"https:\/\/www.francemachinesoutils.com\/fr\/#\/schema\/logo\/image\/"},"sameAs":["https:\/\/www.facebook.com\/France-Machines-Outils-916485235075111","https:\/\/www.linkedin.com\/company\/grp-france-machines-outils\/?viewAsMember=true","https:\/\/www.youtube.com\/channel\/UCxbixPSB4J1a7GVI2nT3Y_g"]}]}},"_links":{"self":[{"href":"https:\/\/www.francemachinesoutils.com\/fr\/wp-json\/wp\/v2\/pages\/6570","targetHints":{"allow":["GET"]}}],"collection":[{"href":"https:\/\/www.francemachinesoutils.com\/fr\/wp-json\/wp\/v2\/pages"}],"about":[{"href":"https:\/\/www.francemachinesoutils.com\/fr\/wp-json\/wp\/v2\/types\/page"}],"author":[{"embeddable":true,"href":"https:\/\/www.francemachinesoutils.com\/fr\/wp-json\/wp\/v2\/users\/7"}],"replies":[{"embeddable":true,"href":"https:\/\/www.francemachinesoutils.com\/fr\/wp-json\/wp\/v2\/comments?post=6570"}],"version-history":[{"count":3,"href":"https:\/\/www.francemachinesoutils.com\/fr\/wp-json\/wp\/v2\/pages\/6570\/revisions"}],"predecessor-version":[{"id":6664,"href":"https:\/\/www.francemachinesoutils.com\/fr\/wp-json\/wp\/v2\/pages\/6570\/revisions\/6664"}],"wp:attachment":[{"href":"https:\/\/www.francemachinesoutils.com\/fr\/wp-json\/wp\/v2\/media?parent=6570"}],"curies":[{"name":"wp","href":"https:\/\/api.w.org\/{rel}","templated":true}]}}