{"id":7038,"date":"2023-08-04T14:49:48","date_gmt":"2023-08-04T12:49:48","guid":{"rendered":"https:\/\/www.francemachinesoutils.com\/?page_id=7038\/"},"modified":"2023-08-04T14:54:19","modified_gmt":"2023-08-04T12:54:19","slug":"durma-et-france-machines-outils-un-partenariat-alliant-excellence-technologique-et-innovation","status":"publish","type":"page","link":"https:\/\/www.francemachinesoutils.com\/fr\/durma-et-france-machines-outils-un-partenariat-alliant-excellence-technologique-et-innovation.html","title":{"rendered":"Durma et France Machines Outils : un partenariat alliant excellence technologique et innovation"},"content":{"rendered":"<p style=\"text-align: justify;\">France Machines Outils (FMO) est reconnu depuis des ann\u00e9es pour son engagement \u00e0 fournir des \u00e9quipements industriels de pointe. Ce d\u00e9vouement se refl\u00e8te dans notre association avec Durma, un acteur mondial majeur dans la production de machines de travail des t\u00f4les, pour lequel nous sommes le fournisseur exclusif en France.<\/p>\n<p><video style=\"margin-top: -50px; display: block;\" src=\"https:\/\/cdn.www.francemachinesoutils.com\/wp-content\/uploads\/2023\/08\/DURMA-Presentation-de-lusine.mp4\" controls=\"controls\" width=\"1080\" height=\"720\"><span data-mce-type=\"bookmark\" style=\"display: inline-block; width: 0px; overflow: hidden; line-height: 0;\" class=\"mce_SELRES_start\">\ufeff<\/span><\/video><\/p>\n<div style=\"text-align: center; margin-top: 50px; margin-bottom: -60px;\"><a class=\"dp-inlblock button black\" href=\"https:\/\/www.francemachinesoutils.com\/fr\/partenaires\" target=\"_blank\" rel=\"noopener\">D\u00e9couvrez nos partenaires !<\/a><\/div>\n","protected":false},"excerpt":{"rendered":"<p>France Machines Outils (FMO) est reconnu depuis des ann\u00e9es pour&#8230;<\/p>\n","protected":false},"author":7,"featured_media":0,"parent":0,"menu_order":0,"comment_status":"closed","ping_status":"closed","template":"","meta":{"_acf_changed":false,"footnotes":""},"class_list":["post-7038","page","type-page","status-publish","hentry"],"acf":[],"yoast_head":"<!-- This site is optimized with the Yoast SEO plugin v27.1.1 - https:\/\/yoast.com\/product\/yoast-seo-wordpress\/ -->\n<title>Durma et France Machines Outils : un partenariat alliant excellence technologique et innovation - France Machines Outils<\/title>\n<meta name=\"robots\" content=\"index, follow, max-snippet:-1, max-image-preview:large, max-video-preview:-1\" \/>\n<link rel=\"canonical\" href=\"https:\/\/www.francemachinesoutils.com\/fr\/durma-et-france-machines-outils-un-partenariat-alliant-excellence-technologique-et-innovation.html\" \/>\n<meta property=\"og:locale\" content=\"fr_FR\" \/>\n<meta property=\"og:type\" content=\"article\" \/>\n<meta property=\"og:title\" content=\"Durma et France Machines Outils : un partenariat alliant excellence technologique et innovation - France Machines Outils\" \/>\n<meta property=\"og:description\" content=\"France Machines Outils (FMO) est reconnu depuis des ann\u00e9es pour...\" \/>\n<meta property=\"og:url\" content=\"https:\/\/www.francemachinesoutils.com\/fr\/durma-et-france-machines-outils-un-partenariat-alliant-excellence-technologique-et-innovation.html\" \/>\n<meta property=\"og:site_name\" content=\"France Machines Outils\" \/>\n<meta property=\"article:publisher\" content=\"https:\/\/www.facebook.com\/France-Machines-Outils-916485235075111\" \/>\n<meta property=\"article:modified_time\" content=\"2023-08-04T12:54:19+00:00\" \/>\n<meta name=\"twitter:card\" content=\"summary_large_image\" \/>\n<meta name=\"twitter:label1\" content=\"Dur\u00e9e de lecture estim\u00e9e\" \/>\n\t<meta name=\"twitter:data1\" content=\"1 minute\" \/>\n<script type=\"application\/ld+json\" class=\"yoast-schema-graph\">{\"@context\":\"https:\/\/schema.org\",\"@graph\":[{\"@type\":\"WebPage\",\"@id\":\"https:\/\/www.francemachinesoutils.com\/fr\/durma-et-france-machines-outils-un-partenariat-alliant-excellence-technologique-et-innovation.html\",\"url\":\"https:\/\/www.francemachinesoutils.com\/fr\/durma-et-france-machines-outils-un-partenariat-alliant-excellence-technologique-et-innovation.html\",\"name\":\"Durma et France Machines Outils : un partenariat alliant excellence technologique et innovation - France Machines Outils\",\"isPartOf\":{\"@id\":\"https:\/\/www.francemachinesoutils.com\/fr\/#website\"},\"datePublished\":\"2023-08-04T12:49:48+00:00\",\"dateModified\":\"2023-08-04T12:54:19+00:00\",\"breadcrumb\":{\"@id\":\"https:\/\/www.francemachinesoutils.com\/fr\/durma-et-france-machines-outils-un-partenariat-alliant-excellence-technologique-et-innovation.html#breadcrumb\"},\"inLanguage\":\"fr-FR\",\"potentialAction\":[{\"@type\":\"ReadAction\",\"target\":[\"https:\/\/www.francemachinesoutils.com\/fr\/durma-et-france-machines-outils-un-partenariat-alliant-excellence-technologique-et-innovation.html\"]}]},{\"@type\":\"BreadcrumbList\",\"@id\":\"https:\/\/www.francemachinesoutils.com\/fr\/durma-et-france-machines-outils-un-partenariat-alliant-excellence-technologique-et-innovation.html#breadcrumb\",\"itemListElement\":[{\"@type\":\"ListItem\",\"position\":1,\"name\":\"Accueil\",\"item\":\"https:\/\/www.francemachinesoutils.com\/fr\/\"},{\"@type\":\"ListItem\",\"position\":2,\"name\":\"Durma et France Machines Outils : un partenariat alliant excellence technologique et innovation\"}]},{\"@type\":\"WebSite\",\"@id\":\"https:\/\/www.francemachinesoutils.com\/fr\/#website\",\"url\":\"https:\/\/www.francemachinesoutils.com\/fr\/\",\"name\":\"France Machines Outils\",\"description\":\"France Machines Outils est fournisseur de machines outils neuves et d&#039;occasion pr\u00e9sent sur l&#039;ensemble du territoire.\",\"publisher\":{\"@id\":\"https:\/\/www.francemachinesoutils.com\/fr\/#organization\"},\"potentialAction\":[{\"@type\":\"SearchAction\",\"target\":{\"@type\":\"EntryPoint\",\"urlTemplate\":\"https:\/\/www.francemachinesoutils.com\/fr\/?s={search_term_string}\"},\"query-input\":{\"@type\":\"PropertyValueSpecification\",\"valueRequired\":true,\"valueName\":\"search_term_string\"}}],\"inLanguage\":\"fr-FR\"},{\"@type\":\"Organization\",\"@id\":\"https:\/\/www.francemachinesoutils.com\/fr\/#organization\",\"name\":\"France Machines Outils\",\"url\":\"https:\/\/www.francemachinesoutils.com\/fr\/\",\"logo\":{\"@type\":\"ImageObject\",\"inLanguage\":\"fr-FR\",\"@id\":\"https:\/\/www.francemachinesoutils.com\/fr\/#\/schema\/logo\/image\/\",\"url\":\"https:\/\/www.francemachinesoutils.com\/wp-content\/uploads\/2022\/05\/Icone_Logo_Bordure-01-01.jpg\",\"contentUrl\":\"https:\/\/www.francemachinesoutils.com\/wp-content\/uploads\/2022\/05\/Icone_Logo_Bordure-01-01.jpg\",\"width\":1512,\"height\":1512,\"caption\":\"France Machines Outils\"},\"image\":{\"@id\":\"https:\/\/www.francemachinesoutils.com\/fr\/#\/schema\/logo\/image\/\"},\"sameAs\":[\"https:\/\/www.facebook.com\/France-Machines-Outils-916485235075111\",\"https:\/\/www.linkedin.com\/company\/grp-france-machines-outils\/?viewAsMember=true\",\"https:\/\/www.youtube.com\/channel\/UCxbixPSB4J1a7GVI2nT3Y_g\"]}]}<\/script>\n<!-- \/ Yoast SEO plugin. -->","yoast_head_json":{"title":"Durma et France Machines Outils : un partenariat alliant excellence technologique et innovation - France Machines Outils","robots":{"index":"index","follow":"follow","max-snippet":"max-snippet:-1","max-image-preview":"max-image-preview:large","max-video-preview":"max-video-preview:-1"},"canonical":"https:\/\/www.francemachinesoutils.com\/fr\/durma-et-france-machines-outils-un-partenariat-alliant-excellence-technologique-et-innovation.html","og_locale":"fr_FR","og_type":"article","og_title":"Durma et France Machines Outils : un partenariat alliant excellence technologique et innovation - France Machines Outils","og_description":"France Machines Outils (FMO) est reconnu depuis des ann\u00e9es pour...","og_url":"https:\/\/www.francemachinesoutils.com\/fr\/durma-et-france-machines-outils-un-partenariat-alliant-excellence-technologique-et-innovation.html","og_site_name":"France Machines Outils","article_publisher":"https:\/\/www.facebook.com\/France-Machines-Outils-916485235075111","article_modified_time":"2023-08-04T12:54:19+00:00","twitter_card":"summary_large_image","twitter_misc":{"Dur\u00e9e de lecture estim\u00e9e":"1 minute"},"schema":{"@context":"https:\/\/schema.org","@graph":[{"@type":"WebPage","@id":"https:\/\/www.francemachinesoutils.com\/fr\/durma-et-france-machines-outils-un-partenariat-alliant-excellence-technologique-et-innovation.html","url":"https:\/\/www.francemachinesoutils.com\/fr\/durma-et-france-machines-outils-un-partenariat-alliant-excellence-technologique-et-innovation.html","name":"Durma et France Machines Outils : un partenariat alliant excellence technologique et innovation - France Machines Outils","isPartOf":{"@id":"https:\/\/www.francemachinesoutils.com\/fr\/#website"},"datePublished":"2023-08-04T12:49:48+00:00","dateModified":"2023-08-04T12:54:19+00:00","breadcrumb":{"@id":"https:\/\/www.francemachinesoutils.com\/fr\/durma-et-france-machines-outils-un-partenariat-alliant-excellence-technologique-et-innovation.html#breadcrumb"},"inLanguage":"fr-FR","potentialAction":[{"@type":"ReadAction","target":["https:\/\/www.francemachinesoutils.com\/fr\/durma-et-france-machines-outils-un-partenariat-alliant-excellence-technologique-et-innovation.html"]}]},{"@type":"BreadcrumbList","@id":"https:\/\/www.francemachinesoutils.com\/fr\/durma-et-france-machines-outils-un-partenariat-alliant-excellence-technologique-et-innovation.html#breadcrumb","itemListElement":[{"@type":"ListItem","position":1,"name":"Accueil","item":"https:\/\/www.francemachinesoutils.com\/fr\/"},{"@type":"ListItem","position":2,"name":"Durma et France Machines Outils : un partenariat alliant excellence technologique et innovation"}]},{"@type":"WebSite","@id":"https:\/\/www.francemachinesoutils.com\/fr\/#website","url":"https:\/\/www.francemachinesoutils.com\/fr\/","name":"France Machines Outils","description":"France Machines Outils est fournisseur de machines outils neuves et d&#039;occasion pr\u00e9sent sur l&#039;ensemble du territoire.","publisher":{"@id":"https:\/\/www.francemachinesoutils.com\/fr\/#organization"},"potentialAction":[{"@type":"SearchAction","target":{"@type":"EntryPoint","urlTemplate":"https:\/\/www.francemachinesoutils.com\/fr\/?s={search_term_string}"},"query-input":{"@type":"PropertyValueSpecification","valueRequired":true,"valueName":"search_term_string"}}],"inLanguage":"fr-FR"},{"@type":"Organization","@id":"https:\/\/www.francemachinesoutils.com\/fr\/#organization","name":"France Machines Outils","url":"https:\/\/www.francemachinesoutils.com\/fr\/","logo":{"@type":"ImageObject","inLanguage":"fr-FR","@id":"https:\/\/www.francemachinesoutils.com\/fr\/#\/schema\/logo\/image\/","url":"https:\/\/www.francemachinesoutils.com\/wp-content\/uploads\/2022\/05\/Icone_Logo_Bordure-01-01.jpg","contentUrl":"https:\/\/www.francemachinesoutils.com\/wp-content\/uploads\/2022\/05\/Icone_Logo_Bordure-01-01.jpg","width":1512,"height":1512,"caption":"France Machines Outils"},"image":{"@id":"https:\/\/www.francemachinesoutils.com\/fr\/#\/schema\/logo\/image\/"},"sameAs":["https:\/\/www.facebook.com\/France-Machines-Outils-916485235075111","https:\/\/www.linkedin.com\/company\/grp-france-machines-outils\/?viewAsMember=true","https:\/\/www.youtube.com\/channel\/UCxbixPSB4J1a7GVI2nT3Y_g"]}]}},"_links":{"self":[{"href":"https:\/\/www.francemachinesoutils.com\/fr\/wp-json\/wp\/v2\/pages\/7038","targetHints":{"allow":["GET"]}}],"collection":[{"href":"https:\/\/www.francemachinesoutils.com\/fr\/wp-json\/wp\/v2\/pages"}],"about":[{"href":"https:\/\/www.francemachinesoutils.com\/fr\/wp-json\/wp\/v2\/types\/page"}],"author":[{"embeddable":true,"href":"https:\/\/www.francemachinesoutils.com\/fr\/wp-json\/wp\/v2\/users\/7"}],"replies":[{"embeddable":true,"href":"https:\/\/www.francemachinesoutils.com\/fr\/wp-json\/wp\/v2\/comments?post=7038"}],"version-history":[{"count":3,"href":"https:\/\/www.francemachinesoutils.com\/fr\/wp-json\/wp\/v2\/pages\/7038\/revisions"}],"predecessor-version":[{"id":7068,"href":"https:\/\/www.francemachinesoutils.com\/fr\/wp-json\/wp\/v2\/pages\/7038\/revisions\/7068"}],"wp:attachment":[{"href":"https:\/\/www.francemachinesoutils.com\/fr\/wp-json\/wp\/v2\/media?parent=7038"}],"curies":[{"name":"wp","href":"https:\/\/api.w.org\/{rel}","templated":true}]}}