{"id":9918,"date":"2025-01-05T17:00:47","date_gmt":"2025-01-05T16:00:47","guid":{"rendered":"https:\/\/www.francemachinesoutils.com\/?page_id=9918\/"},"modified":"2026-03-16T10:44:44","modified_gmt":"2026-03-16T09:44:44","slug":"france-machines-outils-sponsor-concours-pliage-industrie-golden-tech-2026","status":"publish","type":"page","link":"https:\/\/www.francemachinesoutils.com\/fr\/actualites\/france-machines-outils-sponsor-concours-pliage-industrie-golden-tech-2026.html","title":{"rendered":"Les Golden Tech \u00e9dition 2026, le concours des professionnels de l&rsquo;industrie"},"content":{"rendered":"<p>&nbsp;<\/p>\n<p><img fetchpriority=\"high\" decoding=\"async\" class=\" wp-image-10128\" src=\"https:\/\/cdn.www.francemachinesoutils.com\/wp-content\/uploads\/2026\/01\/Golden-Tech-2026-Concours-Plieur-300x75.png\" alt=\"Golden Tech 2026 Concours Plieur\" width=\"1056\" height=\"264\" srcset=\"https:\/\/www.francemachinesoutils.com\/wp-content\/uploads\/2026\/01\/Golden-Tech-2026-Concours-Plieur-300x75.png 300w, https:\/\/www.francemachinesoutils.com\/wp-content\/uploads\/2026\/01\/Golden-Tech-2026-Concours-Plieur-1140x285.png 1140w, https:\/\/www.francemachinesoutils.com\/wp-content\/uploads\/2026\/01\/Golden-Tech-2026-Concours-Plieur-768x192.png 768w, https:\/\/www.francemachinesoutils.com\/wp-content\/uploads\/2026\/01\/Golden-Tech-2026-Concours-Plieur-570x143.png 570w, https:\/\/www.francemachinesoutils.com\/wp-content\/uploads\/2026\/01\/Golden-Tech-2026-Concours-Plieur.png 1200w\" sizes=\"(max-width: 1056px) 100vw, 1056px\" \/><\/p>\n<p>&nbsp;<\/p>\n<h4>Une nouvelle \u00e9dition du concours de l\u2019excellence industrielle<\/h4>\n<h2 style=\"letter-spacing: 0.2px; background-color: #ffffff;\">La 5\u00e8me \u00e9dition du concours des <strong>Golden Tech<\/strong> se d\u00e9roulera lors du salon <a href=\"https:\/\/www.global-industrie.com\/\"><strong>Global Industrie 2026<\/strong><\/a> \u00e0 Paris Villepinte.<\/h2>\n<h2 style=\"letter-spacing: 0.2px; background-color: #ffffff;\">Un \u00e9v\u00e9nement majeur d\u00e9di\u00e9 \u00e0 la valorisation des savoir-faire industriels fran\u00e7ais. <strong>Le concours met \u00e0 l\u2019honneur 11 m\u00e9tiers de industrie fran\u00e7aise du 30 mars au 2 avril 2026.<\/strong><\/h2>\n<p style=\"font-size: 16px; letter-spacing: 0.2px; background-color: #ffffff;\">Plac\u00e9e sous le signe de \u00ab\u00a0l\u2019Art de vivre \u00e0 la fran\u00e7aise\u00a0\u00bb, cette 5\u00e8me \u00e9dition invite \u00e0 explorer l\u2019\u00e9l\u00e9gance, le raffinement et la qualit\u00e9 qui font la renomm\u00e9e de notre industrie \u00e0 travers le monde. Chaque \u00e9preuve, chaque geste et chaque cr\u00e9ation incarneront ce subtil \u00e9quilibre entre tradition et innovation qui d\u00e9finit l\u2019excellence \u00e0 la fran\u00e7ais.<\/p>\n<h4>France Machines Outils, sponsor du concours<\/h4>\n<p><img decoding=\"async\" class=\"\" src=\"https:\/\/cdn.www.francemachinesoutils.com\/wp-content\/uploads\/2025\/12\/Golden-Tech-2026_Concours-Plieur_FMO-1140x470.jpg\" sizes=\"(max-width: 1140px) 100vw, 1140px\" srcset=\"https:\/\/www.francemachinesoutils.com\/wp-content\/uploads\/2025\/12\/Golden-Tech-2026_Concours-Plieur_FMO-1140x470.jpg 1140w, https:\/\/www.francemachinesoutils.com\/wp-content\/uploads\/2025\/12\/Golden-Tech-2026_Concours-Plieur_FMO-300x124.jpg 300w, https:\/\/www.francemachinesoutils.com\/wp-content\/uploads\/2025\/12\/Golden-Tech-2026_Concours-Plieur_FMO-768x317.jpg 768w, https:\/\/www.francemachinesoutils.com\/wp-content\/uploads\/2025\/12\/Golden-Tech-2026_Concours-Plieur_FMO-1536x633.jpg 1536w, https:\/\/www.francemachinesoutils.com\/wp-content\/uploads\/2025\/12\/Golden-Tech-2026_Concours-Plieur_FMO-570x235.jpg 570w, https:\/\/www.francemachinesoutils.com\/wp-content\/uploads\/2025\/12\/Golden-Tech-2026_Concours-Plieur_FMO.jpg 1623w\" alt=\"Concours Plieur FMO Participation\" width=\"793\" height=\"327\" \/><\/p>\n<p>L\u2019\u00e9dition<strong> 2026 des Golden Tech<\/strong> est lanc\u00e9e et<strong> France Machine Outils<\/strong> r\u00e9it\u00e8re sa participation en organisant cette ann\u00e9e le Concours du <b>Meilleur Plieur.\u00a0 <\/b><\/p>\n<p>Le d\u00e9fi r\u00e9alis\u00e9 par l&rsquo;\u00e9quipe du groupe fran\u00e7ais France Machines Outils mettra \u00e0 l\u2019honneur la pr\u00e9cision, la technicit\u00e9 et l\u2019excellence des professionnels de la t\u00f4lerie et de la chaudronnerie. Toutes les techniques du m\u00e9tier seront sollicit\u00e9es pour r\u00e9aliser une pi\u00e8ce comportant plusieurs \u00e9l\u00e9ments pli\u00e9s sur place sur la presse plieuse Durma mise \u00e0 disposition des candidats.<\/p>\n<p><strong>Participez au concours et mettez votre marque en avant lors de cet \u00e9v\u00e8nement !<\/strong><\/p>\n<p><a href=\"https:\/\/www.goldentech.fr\/equipe\/inscription-candidat\/\" target=\"_blank\" rel=\"noopener\"><br \/>\nInscrivez-vous pour participer au concours !<br \/>\n<\/a><\/p>\n<h4>Pourquoi participer ?<\/h4>\n<p>Le concours vous apporte de nombreux avantages en amont, sur et apr\u00e8s l&rsquo;\u00e9v\u00e8nement en prenant part \u00e0 l&rsquo;\u00e9v\u00e8nement le plus incontournable du milieu industriel en France.<\/p>\n<p>Il vous permet d&rsquo;\u00eatre reconnu aupr\u00e8s d&rsquo;un r\u00e9seau professionnel \u00e9tendu par diff\u00e9rents moyens :<\/p>\n<ol>\n<li><strong>Une mise en avant aupr\u00e8s de tous les professionnels de l\u2019industrie<\/strong> via un plan de communication de GL Events et des nombreux outils mis<br \/>\nen place par France Machines Outils<\/li>\n<li><strong>Une valorisation de l\u2019image de votre entreprise<\/strong> <strong>et de vos expertise<\/strong>s sur le salon et une communication apr\u00e8s le salon via le site internet officiel et les r\u00e9seaux sociaux de Global Industrie.<\/li>\n<li><strong>Des possibilit\u00e9s d\u2019\u00e9changes unique<\/strong> avec tout un r\u00e9seau de professionnels pr\u00e9sents, professionnels, \u00e9tablissement scolaires, repr\u00e9sentant de divers institutions.<\/li>\n<\/ol>\n<p><a href=\"https:\/\/www.goldentech.fr\/participer-a-la-competition\/\" target=\"_blank\" rel=\"noopener\"><br \/>\nD\u00e9couvrez les avantages offerts aux candidats et des conditions de participation<br \/>\n<\/a><\/p>\n<p>Le concours s\u2019adresse \u00e0 tous les professionnels ayant une exp\u00e9rience significative en pliage de t\u00f4le.<br \/>\nInscrivez-vous ou inscrivez le professionnel de votre choix\u00a0en contactant notre \u00e9quipe ou par le biais du site des\u00a0<a href=\"https:\/\/www.goldentech.fr\/equipe\/inscription-candidat\/\" target=\"_blank\" rel=\"noopener\">GoldenTech 2026<\/a>.<\/p>\n<p>Vous ne travaillez pas avec les <a href=\"https:\/\/www.francemachinesoutils.com\/fr\/cn\/tolerie\/pliage.html\" target=\"_blank\" rel=\"noopener\">machines Durma<\/a> au quotidien ? Aucune inqui\u00e9tude une formation est pr\u00e9vue en amont du concours par notre \u00e9quipe ainsi qu\u2019un document de soutien et des \u00e9changes techniques si besoin.<\/p>\n<p><strong>Le concours est aussi une occasion privil\u00e9gi\u00e9e de rassembler le tissu industriel et doit \u00eatre un moment d&rsquo;\u00e9change. Venez observer le d\u00e9fi tous les jours sur le ring N\u00b03 et \u00e9changer sur place avec les candidats et avec notre \u00e9quipe.\u00a0<\/strong><\/p>\n<p><a href=\"https:\/\/www.francemachinesoutils.com\/fr\/contact.html\"><br \/>\nVous souhaitez en savoir plus ? Contactez notre \u00e9quipe !<\/a><\/p>\n<p>Plusieurs entreprises, acteurs industriels reconnus, ont apport\u00e9 leur soutien \u00e0 cette deuxi\u00e8me \u00e9dition du concours du meilleur plieur :<\/p>\n<p><img decoding=\"async\" class=\"alignnone wp-image-10302\" src=\"https:\/\/cdn.www.francemachinesoutils.com\/wp-content\/uploads\/2026\/01\/Banniere-sponsors_GT2026-300x129.png\" alt=\"Banniere Sponsors du concours FMOGolden Tech 2026\" width=\"1007\" height=\"433\" srcset=\"https:\/\/www.francemachinesoutils.com\/wp-content\/uploads\/2026\/01\/Banniere-sponsors_GT2026-300x129.png 300w, https:\/\/www.francemachinesoutils.com\/wp-content\/uploads\/2026\/01\/Banniere-sponsors_GT2026-1140x489.png 1140w, https:\/\/www.francemachinesoutils.com\/wp-content\/uploads\/2026\/01\/Banniere-sponsors_GT2026-768x329.png 768w, https:\/\/www.francemachinesoutils.com\/wp-content\/uploads\/2026\/01\/Banniere-sponsors_GT2026-2048x878.png 2048w, https:\/\/www.francemachinesoutils.com\/wp-content\/uploads\/2026\/01\/Banniere-sponsors_GT2026-570x244.png 570w\" sizes=\"(max-width: 1007px) 100vw, 1007px\" \/><\/p>\n<p>&nbsp;<\/p>\n<h2>D\u00e9couvrez un aper\u00e7u de l&rsquo;\u00e9dition pass\u00e9e<\/h2>\n<div style=\"width: 640px;\" class=\"wp-video\"><video class=\"wp-video-shortcode\" id=\"video-9918-1\" width=\"640\" height=\"360\" preload=\"metadata\" controls=\"controls\"><source type=\"video\/mp4\" src=\"https:\/\/cdn.www.francemachinesoutils.com\/wp-content\/uploads\/2025\/12\/Sponsor-2026.mp4?_=1\" \/><a href=\"https:\/\/cdn.www.francemachinesoutils.com\/wp-content\/uploads\/2025\/12\/Sponsor-2026.mp4\">https:\/\/cdn.www.francemachinesoutils.com\/wp-content\/uploads\/2025\/12\/Sponsor-2026.mp4<\/a><\/video><\/div>\n<h2><\/h2>\n<p>&nbsp;<\/p>\n<h6><a href=\"https:\/\/144977685.hs-sites-eu1.com\/plieuse-machine\">Vous souhaitez en savoir plus sur les machines France Machines Outils et vous renseigner sur la visite de nos showroom ? Contactez-nous !<\/a><\/h6>\n","protected":false},"excerpt":{"rendered":"<p>&nbsp; &nbsp; Une nouvelle \u00e9dition du concours de l\u2019excellence industrielle&#8230;<\/p>\n","protected":false},"author":27,"featured_media":0,"parent":20,"menu_order":1,"comment_status":"closed","ping_status":"closed","template":"","meta":{"_acf_changed":false,"footnotes":""},"class_list":["post-9918","page","type-page","status-publish","hentry"],"acf":[],"yoast_head":"<!-- This site is optimized with the Yoast SEO plugin v27.1.1 - https:\/\/yoast.com\/product\/yoast-seo-wordpress\/ -->\n<title>Les Golden Tech \u00e9dition 2026, le concours des professionnels de l&#039;industrie - % Les Golden Tech \u00e9dition 2026, le concours des professionnels de l&#039;industrie -<\/title>\n<meta name=\"description\" content=\"France Machines Outils participe aux Golden Tech 2026 en tant que sponsor et organise \u00e0 cette occasion le d\u00e9fi m\u00e9tier du meilleur plieur. %\" \/>\n<meta name=\"robots\" content=\"index, follow, max-snippet:-1, max-image-preview:large, max-video-preview:-1\" \/>\n<link rel=\"canonical\" href=\"https:\/\/www.francemachinesoutils.com\/fr\/actualites\/france-machines-outils-sponsor-concours-pliage-industrie-golden-tech-2026.html\" \/>\n<meta property=\"og:locale\" content=\"fr_FR\" \/>\n<meta property=\"og:type\" content=\"article\" \/>\n<meta property=\"og:title\" content=\"Les Golden Tech \u00e9dition 2026, le concours des professionnels de l&#039;industrie - % Les Golden Tech \u00e9dition 2026, le concours des professionnels de l&#039;industrie -\" \/>\n<meta property=\"og:description\" content=\"France Machines Outils participe aux Golden Tech 2026 en tant que sponsor et organise \u00e0 cette occasion le d\u00e9fi m\u00e9tier du meilleur plieur. %\" \/>\n<meta property=\"og:url\" content=\"https:\/\/www.francemachinesoutils.com\/fr\/actualites\/france-machines-outils-sponsor-concours-pliage-industrie-golden-tech-2026.html\" \/>\n<meta property=\"og:site_name\" content=\"France Machines Outils\" \/>\n<meta property=\"article:publisher\" content=\"https:\/\/www.facebook.com\/France-Machines-Outils-916485235075111\" \/>\n<meta property=\"article:modified_time\" content=\"2026-03-16T09:44:44+00:00\" \/>\n<meta property=\"og:image\" content=\"https:\/\/cdn.www.francemachinesoutils.com\/wp-content\/uploads\/2026\/01\/Golden-Tech-2026-Concours-Plieur-300x75.png\" \/>\n<meta name=\"twitter:card\" content=\"summary_large_image\" \/>\n<meta name=\"twitter:label1\" content=\"Dur\u00e9e de lecture estim\u00e9e\" \/>\n\t<meta name=\"twitter:data1\" content=\"4 minutes\" \/>\n<script type=\"application\/ld+json\" class=\"yoast-schema-graph\">{\"@context\":\"https:\/\/schema.org\",\"@graph\":[{\"@type\":\"WebPage\",\"@id\":\"https:\/\/www.francemachinesoutils.com\/fr\/actualites\/france-machines-outils-sponsor-concours-pliage-industrie-golden-tech-2026.html\",\"url\":\"https:\/\/www.francemachinesoutils.com\/fr\/actualites\/france-machines-outils-sponsor-concours-pliage-industrie-golden-tech-2026.html\",\"name\":\"Les Golden Tech \u00e9dition 2026, le concours des professionnels de l'industrie - % Les Golden Tech \u00e9dition 2026, le concours des professionnels de l'industrie -\",\"isPartOf\":{\"@id\":\"https:\/\/www.francemachinesoutils.com\/fr\/#website\"},\"primaryImageOfPage\":{\"@id\":\"https:\/\/www.francemachinesoutils.com\/fr\/actualites\/france-machines-outils-sponsor-concours-pliage-industrie-golden-tech-2026.html#primaryimage\"},\"image\":{\"@id\":\"https:\/\/www.francemachinesoutils.com\/fr\/actualites\/france-machines-outils-sponsor-concours-pliage-industrie-golden-tech-2026.html#primaryimage\"},\"thumbnailUrl\":\"https:\/\/cdn.www.francemachinesoutils.com\/wp-content\/uploads\/2026\/01\/Golden-Tech-2026-Concours-Plieur-300x75.png\",\"datePublished\":\"2025-01-05T16:00:47+00:00\",\"dateModified\":\"2026-03-16T09:44:44+00:00\",\"description\":\"France Machines Outils participe aux Golden Tech 2026 en tant que sponsor et organise \u00e0 cette occasion le d\u00e9fi m\u00e9tier du meilleur plieur. %\",\"breadcrumb\":{\"@id\":\"https:\/\/www.francemachinesoutils.com\/fr\/actualites\/france-machines-outils-sponsor-concours-pliage-industrie-golden-tech-2026.html#breadcrumb\"},\"inLanguage\":\"fr-FR\",\"potentialAction\":[{\"@type\":\"ReadAction\",\"target\":[\"https:\/\/www.francemachinesoutils.com\/fr\/actualites\/france-machines-outils-sponsor-concours-pliage-industrie-golden-tech-2026.html\"]}]},{\"@type\":\"ImageObject\",\"inLanguage\":\"fr-FR\",\"@id\":\"https:\/\/www.francemachinesoutils.com\/fr\/actualites\/france-machines-outils-sponsor-concours-pliage-industrie-golden-tech-2026.html#primaryimage\",\"url\":\"https:\/\/cdn.www.francemachinesoutils.com\/wp-content\/uploads\/2026\/01\/Golden-Tech-2026-Concours-Plieur-300x75.png\",\"contentUrl\":\"https:\/\/cdn.www.francemachinesoutils.com\/wp-content\/uploads\/2026\/01\/Golden-Tech-2026-Concours-Plieur-300x75.png\"},{\"@type\":\"BreadcrumbList\",\"@id\":\"https:\/\/www.francemachinesoutils.com\/fr\/actualites\/france-machines-outils-sponsor-concours-pliage-industrie-golden-tech-2026.html#breadcrumb\",\"itemListElement\":[{\"@type\":\"ListItem\",\"position\":1,\"name\":\"Accueil\",\"item\":\"https:\/\/www.francemachinesoutils.com\/fr\/\"},{\"@type\":\"ListItem\",\"position\":2,\"name\":\"Actualit\u00e9s\",\"item\":\"https:\/\/www.francemachinesoutils.com\/fr\/actualites.html\"},{\"@type\":\"ListItem\",\"position\":3,\"name\":\"Les Golden Tech \u00e9dition 2026, le concours des professionnels de l&rsquo;industrie\"}]},{\"@type\":\"WebSite\",\"@id\":\"https:\/\/www.francemachinesoutils.com\/fr\/#website\",\"url\":\"https:\/\/www.francemachinesoutils.com\/fr\/\",\"name\":\"France Machines Outils\",\"description\":\"France Machines Outils est fournisseur de machines outils neuves et d&#039;occasion pr\u00e9sent sur l&#039;ensemble du territoire.\",\"publisher\":{\"@id\":\"https:\/\/www.francemachinesoutils.com\/fr\/#organization\"},\"potentialAction\":[{\"@type\":\"SearchAction\",\"target\":{\"@type\":\"EntryPoint\",\"urlTemplate\":\"https:\/\/www.francemachinesoutils.com\/fr\/?s={search_term_string}\"},\"query-input\":{\"@type\":\"PropertyValueSpecification\",\"valueRequired\":true,\"valueName\":\"search_term_string\"}}],\"inLanguage\":\"fr-FR\"},{\"@type\":\"Organization\",\"@id\":\"https:\/\/www.francemachinesoutils.com\/fr\/#organization\",\"name\":\"France Machines Outils\",\"url\":\"https:\/\/www.francemachinesoutils.com\/fr\/\",\"logo\":{\"@type\":\"ImageObject\",\"inLanguage\":\"fr-FR\",\"@id\":\"https:\/\/www.francemachinesoutils.com\/fr\/#\/schema\/logo\/image\/\",\"url\":\"https:\/\/www.francemachinesoutils.com\/wp-content\/uploads\/2022\/05\/Icone_Logo_Bordure-01-01.jpg\",\"contentUrl\":\"https:\/\/www.francemachinesoutils.com\/wp-content\/uploads\/2022\/05\/Icone_Logo_Bordure-01-01.jpg\",\"width\":1512,\"height\":1512,\"caption\":\"France Machines Outils\"},\"image\":{\"@id\":\"https:\/\/www.francemachinesoutils.com\/fr\/#\/schema\/logo\/image\/\"},\"sameAs\":[\"https:\/\/www.facebook.com\/France-Machines-Outils-916485235075111\",\"https:\/\/www.linkedin.com\/company\/grp-france-machines-outils\/?viewAsMember=true\",\"https:\/\/www.youtube.com\/channel\/UCxbixPSB4J1a7GVI2nT3Y_g\"]}]}<\/script>\n<!-- \/ Yoast SEO plugin. -->","yoast_head_json":{"title":"Les Golden Tech \u00e9dition 2026, le concours des professionnels de l'industrie - % Les Golden Tech \u00e9dition 2026, le concours des professionnels de l'industrie -","description":"France Machines Outils participe aux Golden Tech 2026 en tant que sponsor et organise \u00e0 cette occasion le d\u00e9fi m\u00e9tier du meilleur plieur. %","robots":{"index":"index","follow":"follow","max-snippet":"max-snippet:-1","max-image-preview":"max-image-preview:large","max-video-preview":"max-video-preview:-1"},"canonical":"https:\/\/www.francemachinesoutils.com\/fr\/actualites\/france-machines-outils-sponsor-concours-pliage-industrie-golden-tech-2026.html","og_locale":"fr_FR","og_type":"article","og_title":"Les Golden Tech \u00e9dition 2026, le concours des professionnels de l'industrie - % Les Golden Tech \u00e9dition 2026, le concours des professionnels de l'industrie -","og_description":"France Machines Outils participe aux Golden Tech 2026 en tant que sponsor et organise \u00e0 cette occasion le d\u00e9fi m\u00e9tier du meilleur plieur. %","og_url":"https:\/\/www.francemachinesoutils.com\/fr\/actualites\/france-machines-outils-sponsor-concours-pliage-industrie-golden-tech-2026.html","og_site_name":"France Machines Outils","article_publisher":"https:\/\/www.facebook.com\/France-Machines-Outils-916485235075111","article_modified_time":"2026-03-16T09:44:44+00:00","og_image":[{"url":"https:\/\/cdn.www.francemachinesoutils.com\/wp-content\/uploads\/2026\/01\/Golden-Tech-2026-Concours-Plieur-300x75.png","type":"","width":"","height":""}],"twitter_card":"summary_large_image","twitter_misc":{"Dur\u00e9e de lecture estim\u00e9e":"4 minutes"},"schema":{"@context":"https:\/\/schema.org","@graph":[{"@type":"WebPage","@id":"https:\/\/www.francemachinesoutils.com\/fr\/actualites\/france-machines-outils-sponsor-concours-pliage-industrie-golden-tech-2026.html","url":"https:\/\/www.francemachinesoutils.com\/fr\/actualites\/france-machines-outils-sponsor-concours-pliage-industrie-golden-tech-2026.html","name":"Les Golden Tech \u00e9dition 2026, le concours des professionnels de l'industrie - % Les Golden Tech \u00e9dition 2026, le concours des professionnels de l'industrie -","isPartOf":{"@id":"https:\/\/www.francemachinesoutils.com\/fr\/#website"},"primaryImageOfPage":{"@id":"https:\/\/www.francemachinesoutils.com\/fr\/actualites\/france-machines-outils-sponsor-concours-pliage-industrie-golden-tech-2026.html#primaryimage"},"image":{"@id":"https:\/\/www.francemachinesoutils.com\/fr\/actualites\/france-machines-outils-sponsor-concours-pliage-industrie-golden-tech-2026.html#primaryimage"},"thumbnailUrl":"https:\/\/cdn.www.francemachinesoutils.com\/wp-content\/uploads\/2026\/01\/Golden-Tech-2026-Concours-Plieur-300x75.png","datePublished":"2025-01-05T16:00:47+00:00","dateModified":"2026-03-16T09:44:44+00:00","description":"France Machines Outils participe aux Golden Tech 2026 en tant que sponsor et organise \u00e0 cette occasion le d\u00e9fi m\u00e9tier du meilleur plieur. %","breadcrumb":{"@id":"https:\/\/www.francemachinesoutils.com\/fr\/actualites\/france-machines-outils-sponsor-concours-pliage-industrie-golden-tech-2026.html#breadcrumb"},"inLanguage":"fr-FR","potentialAction":[{"@type":"ReadAction","target":["https:\/\/www.francemachinesoutils.com\/fr\/actualites\/france-machines-outils-sponsor-concours-pliage-industrie-golden-tech-2026.html"]}]},{"@type":"ImageObject","inLanguage":"fr-FR","@id":"https:\/\/www.francemachinesoutils.com\/fr\/actualites\/france-machines-outils-sponsor-concours-pliage-industrie-golden-tech-2026.html#primaryimage","url":"https:\/\/cdn.www.francemachinesoutils.com\/wp-content\/uploads\/2026\/01\/Golden-Tech-2026-Concours-Plieur-300x75.png","contentUrl":"https:\/\/cdn.www.francemachinesoutils.com\/wp-content\/uploads\/2026\/01\/Golden-Tech-2026-Concours-Plieur-300x75.png"},{"@type":"BreadcrumbList","@id":"https:\/\/www.francemachinesoutils.com\/fr\/actualites\/france-machines-outils-sponsor-concours-pliage-industrie-golden-tech-2026.html#breadcrumb","itemListElement":[{"@type":"ListItem","position":1,"name":"Accueil","item":"https:\/\/www.francemachinesoutils.com\/fr\/"},{"@type":"ListItem","position":2,"name":"Actualit\u00e9s","item":"https:\/\/www.francemachinesoutils.com\/fr\/actualites.html"},{"@type":"ListItem","position":3,"name":"Les Golden Tech \u00e9dition 2026, le concours des professionnels de l&rsquo;industrie"}]},{"@type":"WebSite","@id":"https:\/\/www.francemachinesoutils.com\/fr\/#website","url":"https:\/\/www.francemachinesoutils.com\/fr\/","name":"France Machines Outils","description":"France Machines Outils est fournisseur de machines outils neuves et d&#039;occasion pr\u00e9sent sur l&#039;ensemble du territoire.","publisher":{"@id":"https:\/\/www.francemachinesoutils.com\/fr\/#organization"},"potentialAction":[{"@type":"SearchAction","target":{"@type":"EntryPoint","urlTemplate":"https:\/\/www.francemachinesoutils.com\/fr\/?s={search_term_string}"},"query-input":{"@type":"PropertyValueSpecification","valueRequired":true,"valueName":"search_term_string"}}],"inLanguage":"fr-FR"},{"@type":"Organization","@id":"https:\/\/www.francemachinesoutils.com\/fr\/#organization","name":"France Machines Outils","url":"https:\/\/www.francemachinesoutils.com\/fr\/","logo":{"@type":"ImageObject","inLanguage":"fr-FR","@id":"https:\/\/www.francemachinesoutils.com\/fr\/#\/schema\/logo\/image\/","url":"https:\/\/www.francemachinesoutils.com\/wp-content\/uploads\/2022\/05\/Icone_Logo_Bordure-01-01.jpg","contentUrl":"https:\/\/www.francemachinesoutils.com\/wp-content\/uploads\/2022\/05\/Icone_Logo_Bordure-01-01.jpg","width":1512,"height":1512,"caption":"France Machines Outils"},"image":{"@id":"https:\/\/www.francemachinesoutils.com\/fr\/#\/schema\/logo\/image\/"},"sameAs":["https:\/\/www.facebook.com\/France-Machines-Outils-916485235075111","https:\/\/www.linkedin.com\/company\/grp-france-machines-outils\/?viewAsMember=true","https:\/\/www.youtube.com\/channel\/UCxbixPSB4J1a7GVI2nT3Y_g"]}]}},"_links":{"self":[{"href":"https:\/\/www.francemachinesoutils.com\/fr\/wp-json\/wp\/v2\/pages\/9918","targetHints":{"allow":["GET"]}}],"collection":[{"href":"https:\/\/www.francemachinesoutils.com\/fr\/wp-json\/wp\/v2\/pages"}],"about":[{"href":"https:\/\/www.francemachinesoutils.com\/fr\/wp-json\/wp\/v2\/types\/page"}],"author":[{"embeddable":true,"href":"https:\/\/www.francemachinesoutils.com\/fr\/wp-json\/wp\/v2\/users\/27"}],"replies":[{"embeddable":true,"href":"https:\/\/www.francemachinesoutils.com\/fr\/wp-json\/wp\/v2\/comments?post=9918"}],"version-history":[{"count":3,"href":"https:\/\/www.francemachinesoutils.com\/fr\/wp-json\/wp\/v2\/pages\/9918\/revisions"}],"predecessor-version":[{"id":10308,"href":"https:\/\/www.francemachinesoutils.com\/fr\/wp-json\/wp\/v2\/pages\/9918\/revisions\/10308"}],"up":[{"embeddable":true,"href":"https:\/\/www.francemachinesoutils.com\/fr\/wp-json\/wp\/v2\/pages\/20"}],"wp:attachment":[{"href":"https:\/\/www.francemachinesoutils.com\/fr\/wp-json\/wp\/v2\/media?parent=9918"}],"curies":[{"name":"wp","href":"https:\/\/api.w.org\/{rel}","templated":true}]}}